{"id":3050,"date":"2020-04-20T13:19:25","date_gmt":"2020-04-20T11:19:25","guid":{"rendered":"https:\/\/filmingincroatia.hr\/selective-co-production-funding\/"},"modified":"2024-08-23T10:59:34","modified_gmt":"2024-08-23T08:59:34","slug":"selective-co-production-funding","status":"publish","type":"page","link":"https:\/\/filmingincroatia.hr\/hr\/selective-co-production-funding\/","title":{"rendered":"Selektivna potpora za manjinske koprodukcije"},"content":{"rendered":"\n<h2 class=\"wp-block-heading\">Uz program mjera poticaja, filmski projekti s me\u0111unarodnim partnerima mogu ostvariti i selektivnu financijsku <high>potporu za manjinske koprodukcije<\/high>.<\/h2>\n\n\n\n<p>U proteklih nekoliko godina, Hrvatski audiovizualni centar sufinancirao je znatan broj me\u0111unarodno priznatih hrvatskih manjinskih koprodukcija, uklju\u010duju\u0107i <em>Bazen beskraja<\/em> Brandona Cronenberga, <em>Doma\u0107instvo za po\u010detnike<\/em> Gorana Stolevskog, <em>Ekskurzija<\/em> Une Gunjak, <em>Lost Country<\/em> Vladimira Peri\u0161i\u0107a, <em>Izme\u0111u revolucija<\/em> Vlada Petrija, <em>Ne o\u010dekuj previ\u0161e od kraja svijeta<\/em> Radua Judea, <em>Vizija leptira<\/em> Maksyma Nakonechnyija, <em>Dani su\u0161e<\/em> Emina Alpera, <em>Ljeto kada sam nau\u010dila letjeti <\/em>Radivoja Andri\u0107a, <em>Baksuzno bubanje ili bezumni porni\u0107<\/em> Radua Judea.<\/p>\n\n\n\n<p>Potpora za manjinske koprodukcije financijska je podr\u0161ka namijenjena projektima izvan Hrvatske, ali s hrvatskim udjelom. Rije\u010d je o selektivnoj potpori, pri \u010demu projekte vrednuju imenovani umjetni\u010dki savjetnici isklju\u010divo na temelju umjetni\u010dkog potencijala projekta. Sufinancirani filmovi moraju se kvalificirati kao slu\u017ebena koprodukcija prema odredbama Europske konvencije o filmskoj koprodukciji ili prema va\u017ee\u0107im bilateralnim sporazumima. Hrvatski koproducenti zainteresirani za ovaj tip potpore mogu se prijaviti na Javni poziv Hrvatskog audiovizualnog centra koji se raspisuje jednom godi\u0161nje u \u010detiri roka.<\/p>\n\n\n\n<h2 class=\"wp-block-heading\"><strong>Uvjeti prijave za selektivnu potporu manjinskim koprodukcijama<\/strong><\/h2>\n\n\n\n<ul class=\"wp-block-list\">\n<li>dugometra\u017eni i kratkometra\u017eni igrani, dokumentarni i animirani filmovi<\/li>\n\n\n\n<li>hrvatski producent sudjeluje kao kreativni suradnik s manjinskim financijskim udjelom<\/li>\n\n\n\n<li>osigurano minimalno 50% potrebnih financijskih sredstava<\/li>\n\n\n\n<li>najmanje 60% odobrenih sredstva mora biti potro\u0161eno u Republici Hrvatskoj, na hrvatske filmske djelatnike i druge usluge<\/li>\n\n\n\n<li>hrvatski financijski udio mora iznositi najmanje 10% ukupnog produkcijskoj bud\u017eeta<\/li>\n\n\n\n<li>zastupljenost hrvatske strane u umjetni\u010dkom i tehni\u010dkom osoblju, ovisno o financijskom sudjelovanju koproducentskih strana<\/li>\n\n\n\n<li>slu\u017ebene koprodukcije prema odredbama Europske konvencije o filmskoj koprodukciji ili prema va\u017ee\u0107im bilateralnim sporazumima<\/li>\n<\/ul>\n\n\n\n<p>Republika Hrvatska potpisnica je Europske konvencije o filmskoj koprodukciji te ima bilateralne koprodukcijske sporazume s Kanadom, Francuskom, Njema\u010dkom i Italijom. \u010clanica je europskog koprodukcijskog fonda Eurimages i programa EU Kreativna Europa \/ Potprogram MEDIA.<\/p>\n\n\n\n<p>Ostale informacije o selektivnoj potpori za koprodukcije mo\u017eete prona\u0107i u sekciji Javni pozivi na mre\u017enim stranicama Centra: <a rel=\"noreferrer noopener\" href=\"https:\/\/www.havc.hr\/eng\/about-us\/project-funding\/international-co-production-support\" target=\"_blank\">www.havc.hr<\/a>.<\/p>\n","protected":false},"excerpt":{"rendered":"Uz program mjera poticaja, filmski projekti s me\u0111unarodnim partnerima mogu ostvariti i selektivnu financijsku potporu za manjinske koprodukcije. U proteklih nekoliko godina, Hrvatski a","protected":false},"author":1,"featured_media":6638,"parent":0,"menu_order":0,"comment_status":"closed","ping_status":"closed","template":"page-sidebar.php","meta":{"_acf_changed":false,"footnotes":""},"class_list":["post-3050","page","type-page","status-publish","has-post-thumbnail","hentry"],"acf":[],"yoast_head":"<!-- This site is optimized with the Yoast SEO plugin v27.4 - https:\/\/yoast.com\/product\/yoast-seo-wordpress\/ -->\n<title>Selektivna potpora za manjinske koprodukcije - Filming in Croatia<\/title>\n<meta name=\"description\" content=\"Uz program mjera poticaja, filmski projekti s me\u0111unarodnim partnerima mogu ostvariti i selektivnu financijsku potporu za manjinske koprodukcije. U\" \/>\n<meta name=\"robots\" content=\"index, follow, max-snippet:-1, max-image-preview:large, max-video-preview:-1\" \/>\n<link rel=\"canonical\" href=\"https:\/\/filmingincroatia.hr\/hr\/selective-co-production-funding\/\" \/>\n<meta property=\"og:locale\" content=\"hr_HR\" \/>\n<meta property=\"og:type\" content=\"article\" \/>\n<meta property=\"og:title\" content=\"Selektivna potpora za manjinske koprodukcije - Filming in Croatia\" \/>\n<meta property=\"og:description\" content=\"Uz program mjera poticaja, filmski projekti s me\u0111unarodnim partnerima mogu ostvariti i selektivnu financijsku potporu za manjinske koprodukcije. U\" \/>\n<meta property=\"og:url\" content=\"https:\/\/filmingincroatia.hr\/hr\/selective-co-production-funding\/\" \/>\n<meta property=\"og:site_name\" content=\"Filming in Croatia\" \/>\n<meta property=\"article:modified_time\" content=\"2024-08-23T08:59:34+00:00\" \/>\n<meta property=\"og:image\" content=\"https:\/\/filmingincroatia.hr\/wp-content\/uploads\/2023\/05\/Infinity-Pool_courtesy-of-NEON-and-Topic_novo.jpg\" \/>\n\t<meta property=\"og:image:width\" content=\"1300\" \/>\n\t<meta property=\"og:image:height\" content=\"731\" \/>\n\t<meta property=\"og:image:type\" content=\"image\/jpeg\" \/>\n<meta name=\"twitter:card\" content=\"summary_large_image\" \/>\n<script type=\"application\/ld+json\" class=\"yoast-schema-graph\">{\"@context\":\"https:\\\/\\\/schema.org\",\"@graph\":[{\"@type\":\"WebPage\",\"@id\":\"https:\\\/\\\/filmingincroatia.hr\\\/hr\\\/selective-co-production-funding\\\/\",\"url\":\"https:\\\/\\\/filmingincroatia.hr\\\/hr\\\/selective-co-production-funding\\\/\",\"name\":\"Selektivna potpora za manjinske koprodukcije - Filming in Croatia\",\"isPartOf\":{\"@id\":\"https:\\\/\\\/filmingincroatia.hr\\\/hr\\\/#website\"},\"primaryImageOfPage\":{\"@id\":\"https:\\\/\\\/filmingincroatia.hr\\\/hr\\\/selective-co-production-funding\\\/#primaryimage\"},\"image\":{\"@id\":\"https:\\\/\\\/filmingincroatia.hr\\\/hr\\\/selective-co-production-funding\\\/#primaryimage\"},\"thumbnailUrl\":\"https:\\\/\\\/filmingincroatia.hr\\\/wp-content\\\/uploads\\\/2023\\\/05\\\/Infinity-Pool_courtesy-of-NEON-and-Topic_novo.jpg\",\"datePublished\":\"2020-04-20T11:19:25+00:00\",\"dateModified\":\"2024-08-23T08:59:34+00:00\",\"description\":\"Uz program mjera poticaja, filmski projekti s me\u0111unarodnim partnerima mogu ostvariti i selektivnu financijsku potporu za manjinske koprodukcije. U\",\"breadcrumb\":{\"@id\":\"https:\\\/\\\/filmingincroatia.hr\\\/hr\\\/selective-co-production-funding\\\/#breadcrumb\"},\"inLanguage\":\"hr\",\"potentialAction\":[{\"@type\":\"ReadAction\",\"target\":[\"https:\\\/\\\/filmingincroatia.hr\\\/hr\\\/selective-co-production-funding\\\/\"]}]},{\"@type\":\"ImageObject\",\"inLanguage\":\"hr\",\"@id\":\"https:\\\/\\\/filmingincroatia.hr\\\/hr\\\/selective-co-production-funding\\\/#primaryimage\",\"url\":\"https:\\\/\\\/filmingincroatia.hr\\\/wp-content\\\/uploads\\\/2023\\\/05\\\/Infinity-Pool_courtesy-of-NEON-and-Topic_novo.jpg\",\"contentUrl\":\"https:\\\/\\\/filmingincroatia.hr\\\/wp-content\\\/uploads\\\/2023\\\/05\\\/Infinity-Pool_courtesy-of-NEON-and-Topic_novo.jpg\",\"width\":1300,\"height\":731},{\"@type\":\"BreadcrumbList\",\"@id\":\"https:\\\/\\\/filmingincroatia.hr\\\/hr\\\/selective-co-production-funding\\\/#breadcrumb\",\"itemListElement\":[{\"@type\":\"ListItem\",\"position\":1,\"name\":\"Home\",\"item\":\"https:\\\/\\\/filmingincroatia.hr\\\/hr\\\/\"},{\"@type\":\"ListItem\",\"position\":2,\"name\":\"Selektivna potpora za manjinske koprodukcije\"}]},{\"@type\":\"WebSite\",\"@id\":\"https:\\\/\\\/filmingincroatia.hr\\\/hr\\\/#website\",\"url\":\"https:\\\/\\\/filmingincroatia.hr\\\/hr\\\/\",\"name\":\"Filming in Croatia\",\"description\":\"\",\"publisher\":{\"@id\":\"https:\\\/\\\/filmingincroatia.hr\\\/hr\\\/#organization\"},\"potentialAction\":[{\"@type\":\"SearchAction\",\"target\":{\"@type\":\"EntryPoint\",\"urlTemplate\":\"https:\\\/\\\/filmingincroatia.hr\\\/hr\\\/?s={search_term_string}\"},\"query-input\":{\"@type\":\"PropertyValueSpecification\",\"valueRequired\":true,\"valueName\":\"search_term_string\"}}],\"inLanguage\":\"hr\"},{\"@type\":\"Organization\",\"@id\":\"https:\\\/\\\/filmingincroatia.hr\\\/hr\\\/#organization\",\"name\":\"HAVC\",\"url\":\"https:\\\/\\\/filmingincroatia.hr\\\/hr\\\/\",\"logo\":{\"@type\":\"ImageObject\",\"inLanguage\":\"hr\",\"@id\":\"https:\\\/\\\/filmingincroatia.hr\\\/hr\\\/#\\\/schema\\\/logo\\\/image\\\/\",\"url\":\"https:\\\/\\\/filmingincroatia.hr\\\/wp-content\\\/uploads\\\/2020\\\/11\\\/FIC-Logo.png\",\"contentUrl\":\"https:\\\/\\\/filmingincroatia.hr\\\/wp-content\\\/uploads\\\/2020\\\/11\\\/FIC-Logo.png\",\"width\":729,\"height\":160,\"caption\":\"HAVC\"},\"image\":{\"@id\":\"https:\\\/\\\/filmingincroatia.hr\\\/hr\\\/#\\\/schema\\\/logo\\\/image\\\/\"}}]}<\/script>\n<!-- \/ Yoast SEO plugin. -->","yoast_head_json":{"title":"Selektivna potpora za manjinske koprodukcije - Filming in Croatia","description":"Uz program mjera poticaja, filmski projekti s me\u0111unarodnim partnerima mogu ostvariti i selektivnu financijsku potporu za manjinske koprodukcije. U","robots":{"index":"index","follow":"follow","max-snippet":"max-snippet:-1","max-image-preview":"max-image-preview:large","max-video-preview":"max-video-preview:-1"},"canonical":"https:\/\/filmingincroatia.hr\/hr\/selective-co-production-funding\/","og_locale":"hr_HR","og_type":"article","og_title":"Selektivna potpora za manjinske koprodukcije - Filming in Croatia","og_description":"Uz program mjera poticaja, filmski projekti s me\u0111unarodnim partnerima mogu ostvariti i selektivnu financijsku potporu za manjinske koprodukcije. U","og_url":"https:\/\/filmingincroatia.hr\/hr\/selective-co-production-funding\/","og_site_name":"Filming in Croatia","article_modified_time":"2024-08-23T08:59:34+00:00","og_image":[{"width":1300,"height":731,"url":"https:\/\/filmingincroatia.hr\/wp-content\/uploads\/2023\/05\/Infinity-Pool_courtesy-of-NEON-and-Topic_novo.jpg","type":"image\/jpeg"}],"twitter_card":"summary_large_image","schema":{"@context":"https:\/\/schema.org","@graph":[{"@type":"WebPage","@id":"https:\/\/filmingincroatia.hr\/hr\/selective-co-production-funding\/","url":"https:\/\/filmingincroatia.hr\/hr\/selective-co-production-funding\/","name":"Selektivna potpora za manjinske koprodukcije - Filming in Croatia","isPartOf":{"@id":"https:\/\/filmingincroatia.hr\/hr\/#website"},"primaryImageOfPage":{"@id":"https:\/\/filmingincroatia.hr\/hr\/selective-co-production-funding\/#primaryimage"},"image":{"@id":"https:\/\/filmingincroatia.hr\/hr\/selective-co-production-funding\/#primaryimage"},"thumbnailUrl":"https:\/\/filmingincroatia.hr\/wp-content\/uploads\/2023\/05\/Infinity-Pool_courtesy-of-NEON-and-Topic_novo.jpg","datePublished":"2020-04-20T11:19:25+00:00","dateModified":"2024-08-23T08:59:34+00:00","description":"Uz program mjera poticaja, filmski projekti s me\u0111unarodnim partnerima mogu ostvariti i selektivnu financijsku potporu za manjinske koprodukcije. U","breadcrumb":{"@id":"https:\/\/filmingincroatia.hr\/hr\/selective-co-production-funding\/#breadcrumb"},"inLanguage":"hr","potentialAction":[{"@type":"ReadAction","target":["https:\/\/filmingincroatia.hr\/hr\/selective-co-production-funding\/"]}]},{"@type":"ImageObject","inLanguage":"hr","@id":"https:\/\/filmingincroatia.hr\/hr\/selective-co-production-funding\/#primaryimage","url":"https:\/\/filmingincroatia.hr\/wp-content\/uploads\/2023\/05\/Infinity-Pool_courtesy-of-NEON-and-Topic_novo.jpg","contentUrl":"https:\/\/filmingincroatia.hr\/wp-content\/uploads\/2023\/05\/Infinity-Pool_courtesy-of-NEON-and-Topic_novo.jpg","width":1300,"height":731},{"@type":"BreadcrumbList","@id":"https:\/\/filmingincroatia.hr\/hr\/selective-co-production-funding\/#breadcrumb","itemListElement":[{"@type":"ListItem","position":1,"name":"Home","item":"https:\/\/filmingincroatia.hr\/hr\/"},{"@type":"ListItem","position":2,"name":"Selektivna potpora za manjinske koprodukcije"}]},{"@type":"WebSite","@id":"https:\/\/filmingincroatia.hr\/hr\/#website","url":"https:\/\/filmingincroatia.hr\/hr\/","name":"Filming in Croatia","description":"","publisher":{"@id":"https:\/\/filmingincroatia.hr\/hr\/#organization"},"potentialAction":[{"@type":"SearchAction","target":{"@type":"EntryPoint","urlTemplate":"https:\/\/filmingincroatia.hr\/hr\/?s={search_term_string}"},"query-input":{"@type":"PropertyValueSpecification","valueRequired":true,"valueName":"search_term_string"}}],"inLanguage":"hr"},{"@type":"Organization","@id":"https:\/\/filmingincroatia.hr\/hr\/#organization","name":"HAVC","url":"https:\/\/filmingincroatia.hr\/hr\/","logo":{"@type":"ImageObject","inLanguage":"hr","@id":"https:\/\/filmingincroatia.hr\/hr\/#\/schema\/logo\/image\/","url":"https:\/\/filmingincroatia.hr\/wp-content\/uploads\/2020\/11\/FIC-Logo.png","contentUrl":"https:\/\/filmingincroatia.hr\/wp-content\/uploads\/2020\/11\/FIC-Logo.png","width":729,"height":160,"caption":"HAVC"},"image":{"@id":"https:\/\/filmingincroatia.hr\/hr\/#\/schema\/logo\/image\/"}}]}},"_links":{"self":[{"href":"https:\/\/filmingincroatia.hr\/hr\/wp-json\/wp\/v2\/pages\/3050","targetHints":{"allow":["GET"]}}],"collection":[{"href":"https:\/\/filmingincroatia.hr\/hr\/wp-json\/wp\/v2\/pages"}],"about":[{"href":"https:\/\/filmingincroatia.hr\/hr\/wp-json\/wp\/v2\/types\/page"}],"author":[{"embeddable":true,"href":"https:\/\/filmingincroatia.hr\/hr\/wp-json\/wp\/v2\/users\/1"}],"replies":[{"embeddable":true,"href":"https:\/\/filmingincroatia.hr\/hr\/wp-json\/wp\/v2\/comments?post=3050"}],"version-history":[{"count":0,"href":"https:\/\/filmingincroatia.hr\/hr\/wp-json\/wp\/v2\/pages\/3050\/revisions"}],"wp:featuredmedia":[{"embeddable":true,"href":"https:\/\/filmingincroatia.hr\/hr\/wp-json\/wp\/v2\/media\/6638"}],"wp:attachment":[{"href":"https:\/\/filmingincroatia.hr\/hr\/wp-json\/wp\/v2\/media?parent=3050"}],"curies":[{"name":"wp","href":"https:\/\/api.w.org\/{rel}","templated":true}]}}