{"id":3463,"date":"2020-10-09T09:57:15","date_gmt":"2020-10-09T07:57:15","guid":{"rendered":"https:\/\/filmingincroatia.hr\/?page_id=3463"},"modified":"2020-10-17T13:06:22","modified_gmt":"2020-10-17T11:06:22","slug":"filmske-ekipe","status":"publish","type":"page","link":"https:\/\/filmingincroatia.hr\/hr\/filmske-ekipe\/","title":{"rendered":"Filmske ekipe i produkcijske usluge"},"content":{"rendered":"\n<h2 class=\"wp-block-heading\">Znanje i iskustvo<\/h2>\n\n\n\n<p>Dugogodi\u0161nja praksa filmske, televizijske i reklamne produkcije u Hrvatskoj stvorila je plodno tlo za razvoj brojnih visokokvalificiranih filmskih ekipa i produkcijskih ku\u0107a, koje su u mogu\u0107nosti istovremeno servisirati vi\u0161e visokobud\u017eetnih produkcija koje snimaju u Hrvatskoj.<\/p>\n\n\n\n<h2 class=\"wp-block-heading\">Produkcijske ku\u0107e<\/h2>\n\n\n\n<p>U Hrvatskoj postoji niz produkcijskih ku\u0107a s iskustvom u me\u0111unarodnim projektima, koje pru\u017eaju potpunu uslugu produkcije.<\/p>\n\n\n\n<p>Hrvatske produkcijske ku\u0107e mogu vam pomo\u0107i u bilo kojem aspektu i fazi va\u0161eg projekta, uklju\u010duju\u0107i preliminarno izvi\u0111anje lokacija, povezivanje sa slu\u017ebama koje nude legalno i porezno savjetovanje, zatim pomo\u0107 sa zahtjevima za vizu i dozvolama za snimanje, organizacijom putovanja, smje\u0161taja i <em>cateringa<\/em>, pomo\u0107 s <em>castingom<\/em>, najmom prostora i opreme, specijalnim efektima, monta\u017eom, postprodukcijom zvuka, ili bilo kojim drugim potrebama va\u0161e produkcije.<\/p>\n\n\n\n<p>Odjel Filming in Croatia vodi <a href=\"https:\/\/filmingincroatia.hr\/industry-directory\/\">industrijski adresar<\/a>. Na\u0161a baza podataka omogu\u0107uje pretragu adresara hrvatskih produkcijskih ku\u0107a i pru\u017eatelja op\u0107ih usluga.<\/p>\n\n\n\n<h2 class=\"wp-block-heading\">Filmske ekipe<\/h2>\n\n\n\n<p>Hrvatske filmske ekipe visoko su kvalificirane, pouzdane i u\u010dinkovite, dorasle i najzahtjevnijim produkcijama. Kao \u010desta destinacija me\u0111unarodnih produkcija, Hrvatska nudi zna\u010dajan i raznolik izbor iskusnih filmskih ekipa i glumaca sa znanjem engleskog jezika.<\/p>\n\n\n\n<p>Kvalificirane tvrtke te nezavisni kreativni i tehni\u010dki djelatnici poslove izvr\u0161avaju stru\u010dno, pravovremeno i unutar bud\u017eeta.<\/p>\n\n\n\n<p>Tu je i niz lokalnih <em>casting<\/em> agencija \u010dije iscrpne baze podataka sadr\u017ee detaljne profile glumaca i statista, sa \u0161irokim rasponom izgleda, vje\u0161tina i iskustva rada na filmu, televiziji i reklamama. Uz to, neke servisne produkcije imaju i vlastite odjele za <em>casting<\/em>.<\/p>\n","protected":false},"excerpt":{"rendered":"Znanje i iskustvo Dugogodi\u0161nja praksa filmske, televizijske i reklamne produkcije u Hrvatskoj stvorila je plodno tlo za razvoj brojnih visokokvalificiranih filmskih ekipa i produkcijsk","protected":false},"author":2,"featured_media":3459,"parent":0,"menu_order":0,"comment_status":"closed","ping_status":"closed","template":"page-sidebar.php","meta":{"_acf_changed":false,"footnotes":""},"class_list":["post-3463","page","type-page","status-publish","has-post-thumbnail","hentry"],"acf":[],"yoast_head":"<!-- This site is optimized with the Yoast SEO plugin v27.1.1 - https:\/\/yoast.com\/product\/yoast-seo-wordpress\/ -->\n<title>Filmske ekipe i produkcijske usluge - Filming in Croatia<\/title>\n<meta name=\"description\" content=\"Znanje i iskustvo Dugogodi\u0161nja praksa filmske, televizijske i reklamne produkcije u Hrvatskoj stvorila je plodno tlo za razvoj brojnih\" \/>\n<meta name=\"robots\" content=\"index, follow, max-snippet:-1, max-image-preview:large, max-video-preview:-1\" \/>\n<link rel=\"canonical\" href=\"https:\/\/filmingincroatia.hr\/hr\/filmske-ekipe\/\" \/>\n<meta property=\"og:locale\" content=\"hr_HR\" \/>\n<meta property=\"og:type\" content=\"article\" \/>\n<meta property=\"og:title\" content=\"Filmske ekipe i produkcijske usluge - Filming in Croatia\" \/>\n<meta property=\"og:description\" content=\"Znanje i iskustvo Dugogodi\u0161nja praksa filmske, televizijske i reklamne produkcije u Hrvatskoj stvorila je plodno tlo za razvoj brojnih\" \/>\n<meta property=\"og:url\" content=\"https:\/\/filmingincroatia.hr\/hr\/filmske-ekipe\/\" \/>\n<meta property=\"og:site_name\" content=\"Filming in Croatia\" \/>\n<meta property=\"article:modified_time\" content=\"2020-10-17T11:06:22+00:00\" \/>\n<meta property=\"og:image\" content=\"https:\/\/filmingincroatia.hr\/wp-content\/uploads\/2020\/10\/High-road-to-China1.jpg\" \/>\n\t<meta property=\"og:image:width\" content=\"1739\" \/>\n\t<meta property=\"og:image:height\" content=\"2560\" \/>\n\t<meta property=\"og:image:type\" content=\"image\/jpeg\" \/>\n<meta name=\"twitter:card\" content=\"summary_large_image\" \/>\n<script type=\"application\/ld+json\" class=\"yoast-schema-graph\">{\"@context\":\"https:\/\/schema.org\",\"@graph\":[{\"@type\":\"WebPage\",\"@id\":\"https:\/\/filmingincroatia.hr\/hr\/filmske-ekipe\/\",\"url\":\"https:\/\/filmingincroatia.hr\/hr\/filmske-ekipe\/\",\"name\":\"Filmske ekipe i produkcijske usluge - Filming in Croatia\",\"isPartOf\":{\"@id\":\"https:\/\/filmingincroatia.hr\/hr\/#website\"},\"primaryImageOfPage\":{\"@id\":\"https:\/\/filmingincroatia.hr\/hr\/filmske-ekipe\/#primaryimage\"},\"image\":{\"@id\":\"https:\/\/filmingincroatia.hr\/hr\/filmske-ekipe\/#primaryimage\"},\"thumbnailUrl\":\"https:\/\/filmingincroatia.hr\/wp-content\/uploads\/2020\/10\/High-road-to-China1.jpg\",\"datePublished\":\"2020-10-09T07:57:15+00:00\",\"dateModified\":\"2020-10-17T11:06:22+00:00\",\"description\":\"Znanje i iskustvo Dugogodi\u0161nja praksa filmske, televizijske i reklamne produkcije u Hrvatskoj stvorila je plodno tlo za razvoj brojnih\",\"breadcrumb\":{\"@id\":\"https:\/\/filmingincroatia.hr\/hr\/filmske-ekipe\/#breadcrumb\"},\"inLanguage\":\"hr\",\"potentialAction\":[{\"@type\":\"ReadAction\",\"target\":[\"https:\/\/filmingincroatia.hr\/hr\/filmske-ekipe\/\"]}]},{\"@type\":\"ImageObject\",\"inLanguage\":\"hr\",\"@id\":\"https:\/\/filmingincroatia.hr\/hr\/filmske-ekipe\/#primaryimage\",\"url\":\"https:\/\/filmingincroatia.hr\/wp-content\/uploads\/2020\/10\/High-road-to-China1.jpg\",\"contentUrl\":\"https:\/\/filmingincroatia.hr\/wp-content\/uploads\/2020\/10\/High-road-to-China1.jpg\",\"width\":1739,\"height\":2560,\"caption\":\"Drako Knez\/High Road to China\"},{\"@type\":\"BreadcrumbList\",\"@id\":\"https:\/\/filmingincroatia.hr\/hr\/filmske-ekipe\/#breadcrumb\",\"itemListElement\":[{\"@type\":\"ListItem\",\"position\":1,\"name\":\"Home\",\"item\":\"https:\/\/filmingincroatia.hr\/hr\/\"},{\"@type\":\"ListItem\",\"position\":2,\"name\":\"Filmske ekipe i produkcijske usluge\"}]},{\"@type\":\"WebSite\",\"@id\":\"https:\/\/filmingincroatia.hr\/hr\/#website\",\"url\":\"https:\/\/filmingincroatia.hr\/hr\/\",\"name\":\"Filming in Croatia\",\"description\":\"\",\"publisher\":{\"@id\":\"https:\/\/filmingincroatia.hr\/hr\/#organization\"},\"potentialAction\":[{\"@type\":\"SearchAction\",\"target\":{\"@type\":\"EntryPoint\",\"urlTemplate\":\"https:\/\/filmingincroatia.hr\/hr\/?s={search_term_string}\"},\"query-input\":{\"@type\":\"PropertyValueSpecification\",\"valueRequired\":true,\"valueName\":\"search_term_string\"}}],\"inLanguage\":\"hr\"},{\"@type\":\"Organization\",\"@id\":\"https:\/\/filmingincroatia.hr\/hr\/#organization\",\"name\":\"HAVC\",\"url\":\"https:\/\/filmingincroatia.hr\/hr\/\",\"logo\":{\"@type\":\"ImageObject\",\"inLanguage\":\"hr\",\"@id\":\"https:\/\/filmingincroatia.hr\/hr\/#\/schema\/logo\/image\/\",\"url\":\"https:\/\/filmingincroatia.hr\/wp-content\/uploads\/2020\/11\/FIC-Logo.png\",\"contentUrl\":\"https:\/\/filmingincroatia.hr\/wp-content\/uploads\/2020\/11\/FIC-Logo.png\",\"width\":729,\"height\":160,\"caption\":\"HAVC\"},\"image\":{\"@id\":\"https:\/\/filmingincroatia.hr\/hr\/#\/schema\/logo\/image\/\"}}]}<\/script>\n<!-- \/ Yoast SEO plugin. -->","yoast_head_json":{"title":"Filmske ekipe i produkcijske usluge - Filming in Croatia","description":"Znanje i iskustvo Dugogodi\u0161nja praksa filmske, televizijske i reklamne produkcije u Hrvatskoj stvorila je plodno tlo za razvoj brojnih","robots":{"index":"index","follow":"follow","max-snippet":"max-snippet:-1","max-image-preview":"max-image-preview:large","max-video-preview":"max-video-preview:-1"},"canonical":"https:\/\/filmingincroatia.hr\/hr\/filmske-ekipe\/","og_locale":"hr_HR","og_type":"article","og_title":"Filmske ekipe i produkcijske usluge - Filming in Croatia","og_description":"Znanje i iskustvo Dugogodi\u0161nja praksa filmske, televizijske i reklamne produkcije u Hrvatskoj stvorila je plodno tlo za razvoj brojnih","og_url":"https:\/\/filmingincroatia.hr\/hr\/filmske-ekipe\/","og_site_name":"Filming in Croatia","article_modified_time":"2020-10-17T11:06:22+00:00","og_image":[{"width":1739,"height":2560,"url":"https:\/\/filmingincroatia.hr\/wp-content\/uploads\/2020\/10\/High-road-to-China1.jpg","type":"image\/jpeg"}],"twitter_card":"summary_large_image","schema":{"@context":"https:\/\/schema.org","@graph":[{"@type":"WebPage","@id":"https:\/\/filmingincroatia.hr\/hr\/filmske-ekipe\/","url":"https:\/\/filmingincroatia.hr\/hr\/filmske-ekipe\/","name":"Filmske ekipe i produkcijske usluge - Filming in Croatia","isPartOf":{"@id":"https:\/\/filmingincroatia.hr\/hr\/#website"},"primaryImageOfPage":{"@id":"https:\/\/filmingincroatia.hr\/hr\/filmske-ekipe\/#primaryimage"},"image":{"@id":"https:\/\/filmingincroatia.hr\/hr\/filmske-ekipe\/#primaryimage"},"thumbnailUrl":"https:\/\/filmingincroatia.hr\/wp-content\/uploads\/2020\/10\/High-road-to-China1.jpg","datePublished":"2020-10-09T07:57:15+00:00","dateModified":"2020-10-17T11:06:22+00:00","description":"Znanje i iskustvo Dugogodi\u0161nja praksa filmske, televizijske i reklamne produkcije u Hrvatskoj stvorila je plodno tlo za razvoj brojnih","breadcrumb":{"@id":"https:\/\/filmingincroatia.hr\/hr\/filmske-ekipe\/#breadcrumb"},"inLanguage":"hr","potentialAction":[{"@type":"ReadAction","target":["https:\/\/filmingincroatia.hr\/hr\/filmske-ekipe\/"]}]},{"@type":"ImageObject","inLanguage":"hr","@id":"https:\/\/filmingincroatia.hr\/hr\/filmske-ekipe\/#primaryimage","url":"https:\/\/filmingincroatia.hr\/wp-content\/uploads\/2020\/10\/High-road-to-China1.jpg","contentUrl":"https:\/\/filmingincroatia.hr\/wp-content\/uploads\/2020\/10\/High-road-to-China1.jpg","width":1739,"height":2560,"caption":"Drako Knez\/High Road to China"},{"@type":"BreadcrumbList","@id":"https:\/\/filmingincroatia.hr\/hr\/filmske-ekipe\/#breadcrumb","itemListElement":[{"@type":"ListItem","position":1,"name":"Home","item":"https:\/\/filmingincroatia.hr\/hr\/"},{"@type":"ListItem","position":2,"name":"Filmske ekipe i produkcijske usluge"}]},{"@type":"WebSite","@id":"https:\/\/filmingincroatia.hr\/hr\/#website","url":"https:\/\/filmingincroatia.hr\/hr\/","name":"Filming in Croatia","description":"","publisher":{"@id":"https:\/\/filmingincroatia.hr\/hr\/#organization"},"potentialAction":[{"@type":"SearchAction","target":{"@type":"EntryPoint","urlTemplate":"https:\/\/filmingincroatia.hr\/hr\/?s={search_term_string}"},"query-input":{"@type":"PropertyValueSpecification","valueRequired":true,"valueName":"search_term_string"}}],"inLanguage":"hr"},{"@type":"Organization","@id":"https:\/\/filmingincroatia.hr\/hr\/#organization","name":"HAVC","url":"https:\/\/filmingincroatia.hr\/hr\/","logo":{"@type":"ImageObject","inLanguage":"hr","@id":"https:\/\/filmingincroatia.hr\/hr\/#\/schema\/logo\/image\/","url":"https:\/\/filmingincroatia.hr\/wp-content\/uploads\/2020\/11\/FIC-Logo.png","contentUrl":"https:\/\/filmingincroatia.hr\/wp-content\/uploads\/2020\/11\/FIC-Logo.png","width":729,"height":160,"caption":"HAVC"},"image":{"@id":"https:\/\/filmingincroatia.hr\/hr\/#\/schema\/logo\/image\/"}}]}},"_links":{"self":[{"href":"https:\/\/filmingincroatia.hr\/hr\/wp-json\/wp\/v2\/pages\/3463","targetHints":{"allow":["GET"]}}],"collection":[{"href":"https:\/\/filmingincroatia.hr\/hr\/wp-json\/wp\/v2\/pages"}],"about":[{"href":"https:\/\/filmingincroatia.hr\/hr\/wp-json\/wp\/v2\/types\/page"}],"author":[{"embeddable":true,"href":"https:\/\/filmingincroatia.hr\/hr\/wp-json\/wp\/v2\/users\/2"}],"replies":[{"embeddable":true,"href":"https:\/\/filmingincroatia.hr\/hr\/wp-json\/wp\/v2\/comments?post=3463"}],"version-history":[{"count":0,"href":"https:\/\/filmingincroatia.hr\/hr\/wp-json\/wp\/v2\/pages\/3463\/revisions"}],"wp:featuredmedia":[{"embeddable":true,"href":"https:\/\/filmingincroatia.hr\/hr\/wp-json\/wp\/v2\/media\/3459"}],"wp:attachment":[{"href":"https:\/\/filmingincroatia.hr\/hr\/wp-json\/wp\/v2\/media?parent=3463"}],"curies":[{"name":"wp","href":"https:\/\/api.w.org\/{rel}","templated":true}]}}