{"id":3566,"date":"2020-10-16T17:14:34","date_gmt":"2020-10-16T15:14:34","guid":{"rendered":"https:\/\/filmingincroatia.hr\/?page_id=3566"},"modified":"2024-01-30T11:51:16","modified_gmt":"2024-01-30T10:51:16","slug":"permits-and-equipment","status":"publish","type":"page","link":"https:\/\/filmingincroatia.hr\/hr\/permits-and-equipment\/","title":{"rendered":"Dozvole i oprema"},"content":{"rendered":"\n<h2 class=\"wp-block-heading\" id=\"prema-odredbama-zakona-o-audiovizualnim-djelatnostima-sve-produkcije-koje-snimaju-u-hrvatskoj-obvezne-su-prijaviti-snimanje-hrvatskom-audiovizualnom-centru\">Prema odredbama Zakona o audiovizualnim djelatnostima, sve produkcije koje snimaju u Hrvatskoj <high>obvezne su prijaviti snimanje<\/high> Hrvatskom audiovizualnom centru.<\/h2>\n\n\n\n<h2 class=\"wp-block-heading\" id=\"prijava-snimanja\">Prijava snimanja<\/h2>\n\n\n\n<p>Sukladno <a href=\"https:\/\/narodne-novine.nn.hr\/clanci\/sluzbeni\/2022_02_23_300.html\" target=\"_blank\" rel=\"noreferrer noopener\">Pravilniku o vo\u0111enju evidencije snimanja<\/a>, producent je obvezan dostaviti obavijest o snimanju audiovizualnog djela Hrvatskom audiovizualnom centru najkasnije u roku od 8 (osam) dana prije po\u010detka snimanja audiovizualnog djela, odnosno najkasnije u roku od 3 (tri) dana prije po\u010detka snimanja promid\u017ebenog videospota.<\/p>\n\n\n\n<p>Obavijest se dostavlja putem korisni\u010dkog ra\u010duna na <a href=\"https:\/\/portal.havc.hr\/Account\/Login?ReturnUrl=%2f\">portalu HAVC-a<\/a>.<\/p>\n\n\n\n<p>Nakon uredne dostave obavijesti o snimanju audiovizualnog djela na podru\u010dju Republike Hrvatske, HAVC izdaje potvrdu o registraciji snimanja audiovizualnog djela. Izdana potvrda ne predstavlja dozvolu za snimanje predmetnog audiovizualnog djela na podru\u010dju Republike Hrvatske.<\/p>\n\n\n\n<p>Dostavljene podatke HAVC prikuplja i obra\u0111uje <high>isklju\u010divo radi statisti\u010dkog pra\u0107enja djelatnosti.<\/high><\/p>\n\n\n\n<h2 class=\"wp-block-heading\" id=\"lokacijske-dozvole\">Lokacijske dozvole<\/h2>\n\n\n\n<p>Kako biste bili u toku sa svim potrebnim dozvolama za snimanje, obratite se za suradnju lokalnim produkcijskim ku\u0107ama. Doma\u0107i producenti upoznati su s lokalnim pravilnicima i procedurama te \u0107e uvelike smanjiti vrijeme utro\u0161eno na pripremu i izvedbu projekta.<\/p>\n\n\n\n<h2 class=\"wp-block-heading\" id=\"snimanje-bespilotnim-letjelicama-dronovi\">Snimanje bespilotnim letjelicama (dronovi)<\/h2>\n\n\n\n<p>Kori\u0161tenje bespilotne letjelice (dron) u komercijalne svrhe regulira <a href=\"http:\/\/ccaa.hr\/ccaa\">Hrvatska agencija za civilno zrakoplovstvo (HACZ)<\/a>. Sve leta\u010dke operacije potrebno je izvoditi u skladu s primjenjivim propisima o kori\u0161tenju hrvatskog zra\u010dnog prostora, te s odredbama Uredbe o snimanju iz zraka, kao i Pravilnikom o sustavu bespilotnih zrakoplova. Uvjeti dozvole za izvo\u0111enje leta bespilotnom letjelicom u Hrvatskoj ovise o masi va\u0161e bespilotne letjelice i kategoriji leta\u010dke operacije, te variraju od podno\u0161enja izjave operatera do stjecanja odobrenja HACZ-a.<\/p>\n\n\n\n<p>Sve aktivnosti snimanja iz zraka moraju se unaprijed prijaviti Dr\u017eavnoj geodetskoj upravi. Strani operateri sustava du\u017eni su prijaviti se u evidenciju operatera sustava bespilotnog zrakoplova najmanje 30 dana prije snimanja kako bi ishodili odobrenje jer proces uklju\u010duje prekograni\u010dnu me\u0111uinstitucijsku komunikaciju.<\/p>\n\n\n\n<p>Sve informacije dostupne su na stranicama <a href=\"http:\/\/ccaa.hr\/ccaa\">ccaa.hr<\/a>; <a href=\"https:\/\/www.crocontrol.hr\/\">crocontrol.hr<\/a>; <a href=\"https:\/\/dgu.gov.hr\/\">dgu.gov.hr<\/a> ili se mo\u017eete obratiti <a href=\"https:\/\/hubs.hr\/\">Hrvatskoj udruzi bespilotnih sustava<\/a>.<\/p>\n\n\n\n<h2 class=\"wp-block-heading\" id=\"radne-dozvole-za-strane-drzavljane\">Radne dozvole za strane dr\u017eavljane<\/h2>\n\n\n\n<p>Strani dr\u017eavljani koji snimaju u Hrvatskoj mogu raditi na temelju izdane dozvole za boravak i rad ili na temelju potvrde o prijavi rada. Sve informacije, uklju\u010duju\u0107i obrazac za prijavu, dostupne su na mre\u017enim stranicama <a href=\"https:\/\/mup.gov.hr\/\">Ministarstva unutarnjih poslova<\/a>.<\/p>\n\n\n\n<p>Za sve daljnje informacije o regulaciji pravnog statusa stranih dr\u017eavljana u Hrvatskoj, molimo obratite se lokalnom hrvatskom veleposlanstvu. Popis hrvatskih veleposlanstava u svijetu potra\u017eite na stranicama <a href=\"http:\/\/www.mvep.hr\/\">Ministarstva vanjskih i europskih poslova RH<\/a>.<\/p>\n\n\n\n<h2 class=\"wp-block-heading\" id=\"vize\">Vize<\/h2>\n\n\n\n<p>Gra\u0111ani dr\u017eava \u010dlanica EU-a i Europskog gospodarskog prostora (EGP) te dr\u017eavljani Australije, Kanade i SAD-a ne trebaju vizu za ulazak u Republiku Hrvatsku. Neprekidan boravak ili ukupno trajanje uzastopnih boravaka ne mo\u017ee biti dulje od 90 dana u svakom \u0161estomjese\u010dnom razdoblju od datuma prvog ulaska.<\/p>\n\n\n\n<p>Gra\u0111ani drugih zemalja koje podlije\u017eu obvezi posjedovanja vize du\u017eni su pribaviti vizu prije ulaska u Republiku Hrvatsku. Ako u dr\u017eavi podnositelja zahtjeva ne postoji diplomatska misija ili konzularni ured RH, zahtjev za vizu potrebno je predati najbli\u017eoj hrvatskoj diplomatskoj misiji ili konzularnom uredu. Vi\u0161e podrobnih informacija o viznom sustavu, kao i cjelovit popis zemalja koje podlije\u017eu obvezi posjedovanja vize, potra\u017eite na mre\u017enim stranicama <a href=\"http:\/\/www.mvep.hr\/\">Ministarstva vanjskih i europskih poslova RH<\/a>.<\/p>\n\n\n\n<h2 class=\"wp-block-heading\" id=\"carinski-propisi\">Carinski propisi<\/h2>\n\n\n\n<p>Carinski propisi u Republici Hrvatskoj gotovo su u potpunosti uskla\u0111eni s propisima i standardima EU-a. Strani i hrvatski dr\u017eavljani s prebivali\u0161tem izvan Hrvatske mogu slobodno unositi i iznositi novac u stranoj ili doma\u0107oj valuti te putni\u010dke \u010dekove. Prijenose u iznosu od 10.000,00 eura ili vi\u0161e potrebno je prijaviti carinskom slu\u017ebeniku. Vrijedna profesionalna oprema i ostali tehni\u010dki ure\u0111aji tako\u0111er se moraju prijaviti carinskom slu\u017ebeniku na grani\u010dnom carinskom uredu.<\/p>\n\n\n\n<p>Osobe koje nemaju prebivali\u0161te ni uobi\u010dajeno boravi\u0161te na podru\u010dju Europske unije imaju pravo tra\u017eiti povrat PDV-a za iznesena dobra kupljena u tuzemstvu ako je ukupna vrijednost kupljenih dobara s PDV-om ve\u0107a od 100,00 eura te uz predo\u010denje obrasca za povrat poreza ovjeren od strane carinskog slu\u017ebenika tijekom izvoza kupljene robe. Strani dr\u017eavljani du\u017eni su zatra\u017eiti povrat poreza u roku od \u0161est mjeseci od datuma izdavanja ra\u010duna.<\/p>\n\n\n\n<p>Za dodatne informacije molimo obratite se carinskoj upravi: <a href=\"https:\/\/carina.gov.hr\/\">carina.gov.hr<\/a>.<\/p>\n\n\n\n<h2 class=\"wp-block-heading\" id=\"privremeni-uvoz-profesionalne-opreme\">Privremeni uvoz profesionalne opreme<\/h2>\n\n\n\n<p>Postupak privremenog uvoza reguliran je Carinskim zakonom Republike Hrvatske. U postupku privremenog uvoza strana roba mo\u017ee se koristiti na carinskom podru\u010dju Republike Hrvatske uz potpuno ili djelomi\u010dno oslobo\u0111enje od pla\u0107anja uvoznih davanja te uz izuze\u0107e od trgovinskih mjera kada je strana roba namijenjena ponovnom izvozu u nepromijenjenom stanju, odnosno stanju u kojem je bila privremeno uvezena. Izuze\u0107e su uobi\u010dajene amortizacije uslijed tro\u0161enja kod uporabe\/gubici od umanjenja nastali uslijed uobi\u010dajenih oblika rukovanja. Roba mo\u017ee ostati u postupku privremenog uvoza do 24 mjeseca, uz mogu\u0107nost propisivanja posebnih rokova.<\/p>\n\n\n\n<p>Roba se mo\u017ee uvesti na carinsko podru\u010dje Republike Hrvatske temeljem obrasca ATA karnet. ATA karnet me\u0111unarodni je carinski dokument koji se koristi za pojednostavljenje privremenog uvoza u stranu zemlju, s rokom va\u017eenja od godine dana. Ovim carinskim dokumentom omogu\u0107en je privremeni uvoz odre\u0111enih kategorija robe u carinsko podru\u010dje svake zemlje koja je usvojila Konvenciju o privremenom uvozu, bez popunjavanja nacionalnih carinskih isprava, pla\u0107anja carine i PDV-a ili polaganja depozita, \u0161to je dio redovnog postupka za privremeni uvoz ili izvoz<\/p>\n","protected":false},"excerpt":{"rendered":"Prema odredbama Zakona o audiovizualnim djelatnostima, sve produkcije koje snimaju u Hrvatskoj obvezne su prijaviti snimanje Hrvatskom audiovizualnom centru. Prijava snimanja Sukladno P","protected":false},"author":2,"featured_media":3557,"parent":0,"menu_order":0,"comment_status":"closed","ping_status":"closed","template":"page-sidebar.php","meta":{"_acf_changed":false,"footnotes":""},"class_list":["post-3566","page","type-page","status-publish","has-post-thumbnail","hentry"],"acf":[],"yoast_head":"<!-- This site is optimized with the Yoast SEO plugin v27.4 - https:\/\/yoast.com\/product\/yoast-seo-wordpress\/ -->\n<title>Dozvole i oprema - Filming in Croatia<\/title>\n<meta name=\"description\" content=\"Prema odredbama Zakona o audiovizualnim djelatnostima, sve produkcije koje snimaju u Hrvatskoj obvezne su prijaviti snimanje Hrvatskom audiovizualnom\" \/>\n<meta name=\"robots\" content=\"index, follow, max-snippet:-1, max-image-preview:large, max-video-preview:-1\" \/>\n<link rel=\"canonical\" href=\"https:\/\/filmingincroatia.hr\/hr\/permits-and-equipment\/\" \/>\n<meta property=\"og:locale\" content=\"hr_HR\" \/>\n<meta property=\"og:type\" content=\"article\" \/>\n<meta property=\"og:title\" content=\"Dozvole i oprema - Filming in Croatia\" \/>\n<meta property=\"og:description\" content=\"Prema odredbama Zakona o audiovizualnim djelatnostima, sve produkcije koje snimaju u Hrvatskoj obvezne su prijaviti snimanje Hrvatskom audiovizualnom\" \/>\n<meta property=\"og:url\" content=\"https:\/\/filmingincroatia.hr\/hr\/permits-and-equipment\/\" \/>\n<meta property=\"og:site_name\" content=\"Filming in Croatia\" \/>\n<meta property=\"article:modified_time\" content=\"2024-01-30T10:51:16+00:00\" \/>\n<meta property=\"og:image\" content=\"https:\/\/filmingincroatia.hr\/wp-content\/uploads\/2020\/10\/Dron-fan-dubrovnik.jpg\" \/>\n\t<meta property=\"og:image:width\" content=\"1887\" \/>\n\t<meta property=\"og:image:height\" content=\"1259\" \/>\n\t<meta property=\"og:image:type\" content=\"image\/jpeg\" \/>\n<meta name=\"twitter:card\" content=\"summary_large_image\" \/>\n<script type=\"application\/ld+json\" class=\"yoast-schema-graph\">{\"@context\":\"https:\\\/\\\/schema.org\",\"@graph\":[{\"@type\":\"WebPage\",\"@id\":\"https:\\\/\\\/filmingincroatia.hr\\\/hr\\\/permits-and-equipment\\\/\",\"url\":\"https:\\\/\\\/filmingincroatia.hr\\\/hr\\\/permits-and-equipment\\\/\",\"name\":\"Dozvole i oprema - Filming in Croatia\",\"isPartOf\":{\"@id\":\"https:\\\/\\\/filmingincroatia.hr\\\/hr\\\/#website\"},\"primaryImageOfPage\":{\"@id\":\"https:\\\/\\\/filmingincroatia.hr\\\/hr\\\/permits-and-equipment\\\/#primaryimage\"},\"image\":{\"@id\":\"https:\\\/\\\/filmingincroatia.hr\\\/hr\\\/permits-and-equipment\\\/#primaryimage\"},\"thumbnailUrl\":\"https:\\\/\\\/filmingincroatia.hr\\\/wp-content\\\/uploads\\\/2020\\\/10\\\/Dron-fan-dubrovnik.jpg\",\"datePublished\":\"2020-10-16T15:14:34+00:00\",\"dateModified\":\"2024-01-30T10:51:16+00:00\",\"description\":\"Prema odredbama Zakona o audiovizualnim djelatnostima, sve produkcije koje snimaju u Hrvatskoj obvezne su prijaviti snimanje Hrvatskom audiovizualnom\",\"breadcrumb\":{\"@id\":\"https:\\\/\\\/filmingincroatia.hr\\\/hr\\\/permits-and-equipment\\\/#breadcrumb\"},\"inLanguage\":\"hr\",\"potentialAction\":[{\"@type\":\"ReadAction\",\"target\":[\"https:\\\/\\\/filmingincroatia.hr\\\/hr\\\/permits-and-equipment\\\/\"]}]},{\"@type\":\"ImageObject\",\"inLanguage\":\"hr\",\"@id\":\"https:\\\/\\\/filmingincroatia.hr\\\/hr\\\/permits-and-equipment\\\/#primaryimage\",\"url\":\"https:\\\/\\\/filmingincroatia.hr\\\/wp-content\\\/uploads\\\/2020\\\/10\\\/Dron-fan-dubrovnik.jpg\",\"contentUrl\":\"https:\\\/\\\/filmingincroatia.hr\\\/wp-content\\\/uploads\\\/2020\\\/10\\\/Dron-fan-dubrovnik.jpg\",\"width\":1887,\"height\":1259},{\"@type\":\"BreadcrumbList\",\"@id\":\"https:\\\/\\\/filmingincroatia.hr\\\/hr\\\/permits-and-equipment\\\/#breadcrumb\",\"itemListElement\":[{\"@type\":\"ListItem\",\"position\":1,\"name\":\"Home\",\"item\":\"https:\\\/\\\/filmingincroatia.hr\\\/hr\\\/\"},{\"@type\":\"ListItem\",\"position\":2,\"name\":\"Dozvole i oprema\"}]},{\"@type\":\"WebSite\",\"@id\":\"https:\\\/\\\/filmingincroatia.hr\\\/hr\\\/#website\",\"url\":\"https:\\\/\\\/filmingincroatia.hr\\\/hr\\\/\",\"name\":\"Filming in Croatia\",\"description\":\"\",\"publisher\":{\"@id\":\"https:\\\/\\\/filmingincroatia.hr\\\/hr\\\/#organization\"},\"potentialAction\":[{\"@type\":\"SearchAction\",\"target\":{\"@type\":\"EntryPoint\",\"urlTemplate\":\"https:\\\/\\\/filmingincroatia.hr\\\/hr\\\/?s={search_term_string}\"},\"query-input\":{\"@type\":\"PropertyValueSpecification\",\"valueRequired\":true,\"valueName\":\"search_term_string\"}}],\"inLanguage\":\"hr\"},{\"@type\":\"Organization\",\"@id\":\"https:\\\/\\\/filmingincroatia.hr\\\/hr\\\/#organization\",\"name\":\"HAVC\",\"url\":\"https:\\\/\\\/filmingincroatia.hr\\\/hr\\\/\",\"logo\":{\"@type\":\"ImageObject\",\"inLanguage\":\"hr\",\"@id\":\"https:\\\/\\\/filmingincroatia.hr\\\/hr\\\/#\\\/schema\\\/logo\\\/image\\\/\",\"url\":\"https:\\\/\\\/filmingincroatia.hr\\\/wp-content\\\/uploads\\\/2020\\\/11\\\/FIC-Logo.png\",\"contentUrl\":\"https:\\\/\\\/filmingincroatia.hr\\\/wp-content\\\/uploads\\\/2020\\\/11\\\/FIC-Logo.png\",\"width\":729,\"height\":160,\"caption\":\"HAVC\"},\"image\":{\"@id\":\"https:\\\/\\\/filmingincroatia.hr\\\/hr\\\/#\\\/schema\\\/logo\\\/image\\\/\"}}]}<\/script>\n<!-- \/ Yoast SEO plugin. -->","yoast_head_json":{"title":"Dozvole i oprema - Filming in Croatia","description":"Prema odredbama Zakona o audiovizualnim djelatnostima, sve produkcije koje snimaju u Hrvatskoj obvezne su prijaviti snimanje Hrvatskom audiovizualnom","robots":{"index":"index","follow":"follow","max-snippet":"max-snippet:-1","max-image-preview":"max-image-preview:large","max-video-preview":"max-video-preview:-1"},"canonical":"https:\/\/filmingincroatia.hr\/hr\/permits-and-equipment\/","og_locale":"hr_HR","og_type":"article","og_title":"Dozvole i oprema - Filming in Croatia","og_description":"Prema odredbama Zakona o audiovizualnim djelatnostima, sve produkcije koje snimaju u Hrvatskoj obvezne su prijaviti snimanje Hrvatskom audiovizualnom","og_url":"https:\/\/filmingincroatia.hr\/hr\/permits-and-equipment\/","og_site_name":"Filming in Croatia","article_modified_time":"2024-01-30T10:51:16+00:00","og_image":[{"width":1887,"height":1259,"url":"https:\/\/filmingincroatia.hr\/wp-content\/uploads\/2020\/10\/Dron-fan-dubrovnik.jpg","type":"image\/jpeg"}],"twitter_card":"summary_large_image","schema":{"@context":"https:\/\/schema.org","@graph":[{"@type":"WebPage","@id":"https:\/\/filmingincroatia.hr\/hr\/permits-and-equipment\/","url":"https:\/\/filmingincroatia.hr\/hr\/permits-and-equipment\/","name":"Dozvole i oprema - Filming in Croatia","isPartOf":{"@id":"https:\/\/filmingincroatia.hr\/hr\/#website"},"primaryImageOfPage":{"@id":"https:\/\/filmingincroatia.hr\/hr\/permits-and-equipment\/#primaryimage"},"image":{"@id":"https:\/\/filmingincroatia.hr\/hr\/permits-and-equipment\/#primaryimage"},"thumbnailUrl":"https:\/\/filmingincroatia.hr\/wp-content\/uploads\/2020\/10\/Dron-fan-dubrovnik.jpg","datePublished":"2020-10-16T15:14:34+00:00","dateModified":"2024-01-30T10:51:16+00:00","description":"Prema odredbama Zakona o audiovizualnim djelatnostima, sve produkcije koje snimaju u Hrvatskoj obvezne su prijaviti snimanje Hrvatskom audiovizualnom","breadcrumb":{"@id":"https:\/\/filmingincroatia.hr\/hr\/permits-and-equipment\/#breadcrumb"},"inLanguage":"hr","potentialAction":[{"@type":"ReadAction","target":["https:\/\/filmingincroatia.hr\/hr\/permits-and-equipment\/"]}]},{"@type":"ImageObject","inLanguage":"hr","@id":"https:\/\/filmingincroatia.hr\/hr\/permits-and-equipment\/#primaryimage","url":"https:\/\/filmingincroatia.hr\/wp-content\/uploads\/2020\/10\/Dron-fan-dubrovnik.jpg","contentUrl":"https:\/\/filmingincroatia.hr\/wp-content\/uploads\/2020\/10\/Dron-fan-dubrovnik.jpg","width":1887,"height":1259},{"@type":"BreadcrumbList","@id":"https:\/\/filmingincroatia.hr\/hr\/permits-and-equipment\/#breadcrumb","itemListElement":[{"@type":"ListItem","position":1,"name":"Home","item":"https:\/\/filmingincroatia.hr\/hr\/"},{"@type":"ListItem","position":2,"name":"Dozvole i oprema"}]},{"@type":"WebSite","@id":"https:\/\/filmingincroatia.hr\/hr\/#website","url":"https:\/\/filmingincroatia.hr\/hr\/","name":"Filming in Croatia","description":"","publisher":{"@id":"https:\/\/filmingincroatia.hr\/hr\/#organization"},"potentialAction":[{"@type":"SearchAction","target":{"@type":"EntryPoint","urlTemplate":"https:\/\/filmingincroatia.hr\/hr\/?s={search_term_string}"},"query-input":{"@type":"PropertyValueSpecification","valueRequired":true,"valueName":"search_term_string"}}],"inLanguage":"hr"},{"@type":"Organization","@id":"https:\/\/filmingincroatia.hr\/hr\/#organization","name":"HAVC","url":"https:\/\/filmingincroatia.hr\/hr\/","logo":{"@type":"ImageObject","inLanguage":"hr","@id":"https:\/\/filmingincroatia.hr\/hr\/#\/schema\/logo\/image\/","url":"https:\/\/filmingincroatia.hr\/wp-content\/uploads\/2020\/11\/FIC-Logo.png","contentUrl":"https:\/\/filmingincroatia.hr\/wp-content\/uploads\/2020\/11\/FIC-Logo.png","width":729,"height":160,"caption":"HAVC"},"image":{"@id":"https:\/\/filmingincroatia.hr\/hr\/#\/schema\/logo\/image\/"}}]}},"_links":{"self":[{"href":"https:\/\/filmingincroatia.hr\/hr\/wp-json\/wp\/v2\/pages\/3566","targetHints":{"allow":["GET"]}}],"collection":[{"href":"https:\/\/filmingincroatia.hr\/hr\/wp-json\/wp\/v2\/pages"}],"about":[{"href":"https:\/\/filmingincroatia.hr\/hr\/wp-json\/wp\/v2\/types\/page"}],"author":[{"embeddable":true,"href":"https:\/\/filmingincroatia.hr\/hr\/wp-json\/wp\/v2\/users\/2"}],"replies":[{"embeddable":true,"href":"https:\/\/filmingincroatia.hr\/hr\/wp-json\/wp\/v2\/comments?post=3566"}],"version-history":[{"count":0,"href":"https:\/\/filmingincroatia.hr\/hr\/wp-json\/wp\/v2\/pages\/3566\/revisions"}],"wp:featuredmedia":[{"embeddable":true,"href":"https:\/\/filmingincroatia.hr\/hr\/wp-json\/wp\/v2\/media\/3557"}],"wp:attachment":[{"href":"https:\/\/filmingincroatia.hr\/hr\/wp-json\/wp\/v2\/media?parent=3566"}],"curies":[{"name":"wp","href":"https:\/\/api.w.org\/{rel}","templated":true}]}}