{"id":3605,"date":"2020-10-06T06:36:10","date_gmt":"2020-10-06T04:36:10","guid":{"rendered":"https:\/\/filmingincroatia.hr\/local-offices\/"},"modified":"2025-12-22T12:43:49","modified_gmt":"2025-12-22T11:43:49","slug":"local-offices","status":"publish","type":"page","link":"https:\/\/filmingincroatia.hr\/hr\/local-offices\/","title":{"rendered":"Lokalni filmski uredi"},"content":{"rendered":"\n<h3 class=\"wp-block-heading\">U Hrvatskoj na <high>lokalnoj razini<\/high> djeluje<high> 6 filmskih ureda<\/high> koji pru\u017eaju podr\u0161ku doma\u0107im i stranim producentima i filmskim ekipama.<\/h3>\n\n\n\n<p><\/p>\n\n\n\n<h3 class=\"wp-block-heading\">Istarska filmska komisija<\/h3>\n\n\n\n<p><a href=\"https:\/\/www.istriafilmcommission.com\/\" target=\"_blank\" rel=\"noreferrer noopener\">Istarska filmska komisija<\/a> osnovana je s ciljem promocije <high>Istre \u2013 najve\u0107eg hrvatskog poluotoka<\/high> \u2013 kao atraktivne filmske destinacije, podizanja svijesti o (ne)materijalnoj kulturnoj ba\u0161tini i jedinstvenim prirodnim bogatstvima Istre, kao i daljnjeg razvoja filmskog turizma u regiji. Komisija pru\u017ea podr\u0161ku i potporu audiovizualnim produkcijama na podru\u010dju Istre.<\/p>\n\n\n<div class=\"wp-block-image\">\n<figure class=\"alignleft size-large is-resized\"><img decoding=\"async\" width=\"350\" height=\"125\" data-src=\"https:\/\/filmingincroatia.hr\/wp-content\/uploads\/2020\/10\/ifk.png\" alt=\"\" class=\"wp-image-3197 lazyload\" style=\"--smush-placeholder-width: 350px; --smush-placeholder-aspect-ratio: 350\/125;width:212px;height:75px\" data-srcset=\"https:\/\/filmingincroatia.hr\/wp-content\/uploads\/2020\/10\/ifk.png 350w, https:\/\/filmingincroatia.hr\/wp-content\/uploads\/2020\/10\/ifk-300x107.png 300w\" data-sizes=\"(max-width: 350px) 100vw, 350px\" src=\"data:image\/svg+xml;base64,PHN2ZyB3aWR0aD0iMSIgaGVpZ2h0PSIxIiB4bWxucz0iaHR0cDovL3d3dy53My5vcmcvMjAwMC9zdmciPjwvc3ZnPg==\" \/><\/figure>\n<\/div>\n\n\n<p>T: +385(0)52 351 473<br>E: info@istriafilmcommission.com<br>W: <a href=\"https:\/\/www.istriafilmcommission.com\/\" target=\"_blank\" rel=\"noreferrer noopener\">www.istriafilmcommission.com<\/a><\/p>\n\n\n\n<figure class=\"wp-block-image size-large\"><img decoding=\"async\" width=\"1280\" height=\"427\" data-src=\"https:\/\/filmingincroatia.hr\/wp-content\/uploads\/2020\/10\/brijuni-shutter-web-1280x427.jpg\" alt=\"\" class=\"wp-image-3205 lazyload\" data-srcset=\"https:\/\/filmingincroatia.hr\/wp-content\/uploads\/2020\/10\/brijuni-shutter-web-1280x427.jpg 1280w, https:\/\/filmingincroatia.hr\/wp-content\/uploads\/2020\/10\/brijuni-shutter-web-300x100.jpg 300w, https:\/\/filmingincroatia.hr\/wp-content\/uploads\/2020\/10\/brijuni-shutter-web-768x256.jpg 768w, https:\/\/filmingincroatia.hr\/wp-content\/uploads\/2020\/10\/brijuni-shutter-web-624x208.jpg 624w, https:\/\/filmingincroatia.hr\/wp-content\/uploads\/2020\/10\/brijuni-shutter-web-958x319.jpg 958w, https:\/\/filmingincroatia.hr\/wp-content\/uploads\/2020\/10\/brijuni-shutter-web.jpg 1500w\" data-sizes=\"(max-width: 1280px) 100vw, 1280px\" src=\"data:image\/svg+xml;base64,PHN2ZyB3aWR0aD0iMSIgaGVpZ2h0PSIxIiB4bWxucz0iaHR0cDovL3d3dy53My5vcmcvMjAwMC9zdmciPjwvc3ZnPg==\" style=\"--smush-placeholder-width: 1280px; --smush-placeholder-aspect-ratio: 1280\/427;\" \/><figcaption class=\"wp-element-caption\">Nacionalni park Brijuni, Istra<\/figcaption><\/figure>\n\n\n\n<h3 class=\"wp-block-heading\">Kvarnerska filmska komisija<\/h3>\n\n\n\n<p><a href=\"https:\/\/www.kvarner-film.org\/hr\/about-us\" target=\"_blank\" rel=\"noreferrer noopener\">Kvarnerska filmska komisija<\/a> regionalni je filmski ured, osnovan 2016. godine u sklopu javne ustanove <a href=\"https:\/\/www.art-kino.org\/hr\/\" target=\"_blank\" rel=\"noreferrer noopener\">Art-kino<\/a>. Njezina je misija u\u010diniti <high>grad Rijeku i Primorsko-goransku \u017eupaniju <\/high>privla\u010dnim i prepoznatljivim filmskim destinacijama. Komisija pru\u017ea stru\u010dnu podr\u0161ku doma\u0107im i stranim audiovizualnim produkcijama.<\/p>\n\n\n<div class=\"wp-block-image\">\n<figure class=\"alignleft size-large is-resized\"><img decoding=\"async\" width=\"316\" height=\"144\" data-src=\"https:\/\/filmingincroatia.hr\/wp-content\/uploads\/2020\/10\/kvarnerFC.png\" alt=\"\" class=\"wp-image-3201 lazyload\" style=\"--smush-placeholder-width: 316px; --smush-placeholder-aspect-ratio: 316\/144;width:241px;height:110px\" data-srcset=\"https:\/\/filmingincroatia.hr\/wp-content\/uploads\/2020\/10\/kvarnerFC.png 316w, https:\/\/filmingincroatia.hr\/wp-content\/uploads\/2020\/10\/kvarnerFC-300x137.png 300w\" data-sizes=\"(max-width: 316px) 100vw, 316px\" src=\"data:image\/svg+xml;base64,PHN2ZyB3aWR0aD0iMSIgaGVpZ2h0PSIxIiB4bWxucz0iaHR0cDovL3d3dy53My5vcmcvMjAwMC9zdmciPjwvc3ZnPg==\" \/><\/figure>\n<\/div>\n\n\n<p><br>T: +385 (0)51 323 262<br>E: <a href=\"mailto:ured@art-kino.hr\">ured@art-kino.hr<\/a><br>W: <a href=\"https:\/\/www.kvarner-film.org\/en\/\" target=\"_blank\" rel=\"noreferrer noopener\">www.kvarner-film.org<\/a><\/p>\n\n\n\n<figure class=\"wp-block-image size-large\"><img decoding=\"async\" width=\"1280\" height=\"427\" data-src=\"https:\/\/filmingincroatia.hr\/wp-content\/uploads\/2020\/10\/krk-most-shutter-web-1280x427.jpg\" alt=\"\" class=\"wp-image-3214 lazyload\" data-srcset=\"https:\/\/filmingincroatia.hr\/wp-content\/uploads\/2020\/10\/krk-most-shutter-web-1280x427.jpg 1280w, https:\/\/filmingincroatia.hr\/wp-content\/uploads\/2020\/10\/krk-most-shutter-web-300x100.jpg 300w, https:\/\/filmingincroatia.hr\/wp-content\/uploads\/2020\/10\/krk-most-shutter-web-768x256.jpg 768w, https:\/\/filmingincroatia.hr\/wp-content\/uploads\/2020\/10\/krk-most-shutter-web-624x208.jpg 624w, https:\/\/filmingincroatia.hr\/wp-content\/uploads\/2020\/10\/krk-most-shutter-web-958x319.jpg 958w, https:\/\/filmingincroatia.hr\/wp-content\/uploads\/2020\/10\/krk-most-shutter-web.jpg 1500w\" data-sizes=\"(max-width: 1280px) 100vw, 1280px\" src=\"data:image\/svg+xml;base64,PHN2ZyB3aWR0aD0iMSIgaGVpZ2h0PSIxIiB4bWxucz0iaHR0cDovL3d3dy53My5vcmcvMjAwMC9zdmciPjwvc3ZnPg==\" style=\"--smush-placeholder-width: 1280px; --smush-placeholder-aspect-ratio: 1280\/427;\" \/><figcaption class=\"wp-element-caption\">Kvarnerski zaljev i Kr\u010dki most<\/figcaption><\/figure>\n\n\n\n<h3 class=\"wp-block-heading\">Splitsko-dalmatinski filmski ured<\/h3>\n\n\n\n<p><a href=\"http:\/\/www.filmingindalmatia.hr\">Splitsko-dalmatinski filmski ured<\/a> (SDFU) regionalni je filmski ured koji pru\u017ea administrativnu, logisti\u010dku i stru\u010dnu pomo\u0107 doma\u0107im i stranim audiovizualnim produkcijama. Predivne lokacije, raznolik krajolik i bogato arhitektonsko naslije\u0111e savr\u0161ena su kulisa za razli\u010dite filmske \u017eanrove. <high>Splitsko-dalmatinska \u017eupanija<\/high> s ponosom je ugostila produkcije kao \u0161to su <em>Igra prijestolja<\/em>, <em>Mama Mia! Here We Go Again<\/em>, <em>Bliss<\/em>, <em>Vikend u Hrvatskoj<\/em>, <em>Hamilton<\/em>, <em>Zlo\u010dini na Jadranu<\/em>, <em>The Ipcress File<\/em>, <em>Razgovori s prijateljima<\/em> i mnoge druge.<\/p>\n\n\n<div class=\"wp-block-image\">\n<figure class=\"alignleft size-full is-resized\"><img decoding=\"async\" width=\"219\" height=\"56\" data-src=\"https:\/\/filmingincroatia.hr\/wp-content\/uploads\/2024\/04\/image-3.png\" alt=\"\" class=\"wp-image-8163 lazyload\" style=\"--smush-placeholder-width: 219px; --smush-placeholder-aspect-ratio: 219\/56;width:219px;height:auto\" src=\"data:image\/svg+xml;base64,PHN2ZyB3aWR0aD0iMSIgaGVpZ2h0PSIxIiB4bWxucz0iaHR0cDovL3d3dy53My5vcmcvMjAwMC9zdmciPjwvc3ZnPg==\" \/><\/figure>\n<\/div>\n\n\n<p class=\"has-text-align-left\">T: +385 (0)21 450 324<br>E: info@filmingindalmatia.hr<br>W: <a href=\"http:\/\/www.filmingindalmatia.hr\">www.filmingindalmatia.hr<\/a><\/p>\n\n\n\n<figure class=\"wp-block-image size-large\"><img decoding=\"async\" width=\"1280\" height=\"471\" data-src=\"https:\/\/filmingincroatia.hr\/wp-content\/uploads\/2024\/04\/str-42-Peristil-2-1280x471.png\" alt=\"\" class=\"wp-image-8169 lazyload\" data-srcset=\"https:\/\/filmingincroatia.hr\/wp-content\/uploads\/2024\/04\/str-42-Peristil-2-1280x471.png 1280w, https:\/\/filmingincroatia.hr\/wp-content\/uploads\/2024\/04\/str-42-Peristil-2-300x110.png 300w, https:\/\/filmingincroatia.hr\/wp-content\/uploads\/2024\/04\/str-42-Peristil-2-768x283.png 768w, https:\/\/filmingincroatia.hr\/wp-content\/uploads\/2024\/04\/str-42-Peristil-2-1536x565.png 1536w, https:\/\/filmingincroatia.hr\/wp-content\/uploads\/2024\/04\/str-42-Peristil-2-624x230.png 624w, https:\/\/filmingincroatia.hr\/wp-content\/uploads\/2024\/04\/str-42-Peristil-2-958x353.png 958w, https:\/\/filmingincroatia.hr\/wp-content\/uploads\/2024\/04\/str-42-Peristil-2-1905x701.png 1905w, https:\/\/filmingincroatia.hr\/wp-content\/uploads\/2024\/04\/str-42-Peristil-2.png 2000w\" data-sizes=\"(max-width: 1280px) 100vw, 1280px\" src=\"data:image\/svg+xml;base64,PHN2ZyB3aWR0aD0iMSIgaGVpZ2h0PSIxIiB4bWxucz0iaHR0cDovL3d3dy53My5vcmcvMjAwMC9zdmciPjwvc3ZnPg==\" style=\"--smush-placeholder-width: 1280px; --smush-placeholder-aspect-ratio: 1280\/471;\" \/><figcaption class=\"wp-element-caption\">Peristil, Split \/ Maksim Ba\u0161i<\/figcaption><\/figure>\n\n\n\n<h3 class=\"wp-block-heading\">Filmski ured Vara\u017edin<\/h3>\n\n\n\n<p><a href=\"http:\/\/www.varazdinfilmcommission.eu\/\">Filmski ured Vara\u017edin<\/a> osnovan je 2017. godine. Njime upravlja <a href=\"https:\/\/www.pouvarazdin.hr\/o-nama.html\">Pu\u010dko otvoreno u\u010dili\u0161te Vara\u017edin<\/a>. Na mre\u017enim stranicama Filmskog ureda mo\u017eete prona\u0107i katalog filmskih lokacija i podatke o kontaktima za sve ustanove i tvrtke koje pru\u017eaju podr\u0161ku u realizaciji filmskih projekata.<\/p>\n\n\n<div class=\"wp-block-image\">\n<figure class=\"alignleft size-large is-resized\"><img decoding=\"async\" width=\"695\" height=\"383\" data-src=\"https:\/\/filmingincroatia.hr\/wp-content\/uploads\/2020\/10\/logo-varazdin.png\" alt=\"\" class=\"wp-image-3299 lazyload\" style=\"--smush-placeholder-width: 695px; --smush-placeholder-aspect-ratio: 695\/383;width:163px;height:89px\" data-srcset=\"https:\/\/filmingincroatia.hr\/wp-content\/uploads\/2020\/10\/logo-varazdin.png 695w, https:\/\/filmingincroatia.hr\/wp-content\/uploads\/2020\/10\/logo-varazdin-300x165.png 300w, https:\/\/filmingincroatia.hr\/wp-content\/uploads\/2020\/10\/logo-varazdin-624x344.png 624w\" data-sizes=\"(max-width: 695px) 100vw, 695px\" src=\"data:image\/svg+xml;base64,PHN2ZyB3aWR0aD0iMSIgaGVpZ2h0PSIxIiB4bWxucz0iaHR0cDovL3d3dy53My5vcmcvMjAwMC9zdmciPjwvc3ZnPg==\" \/><\/figure>\n<\/div>\n\n\n<p class=\"has-text-align-left\">T: +385 42 313 191<br>E: pou@pouvarazdin.hr<br>W: <a rel=\"noreferrer noopener\" href=\"http:\/\/www.varazdinfilmcommission.eu\/\" target=\"_blank\">www.varazdinfilmcommission.eu<\/a><\/p>\n\n\n\n<figure class=\"wp-block-image size-large\"><img decoding=\"async\" width=\"1280\" height=\"427\" data-src=\"https:\/\/filmingincroatia.hr\/wp-content\/uploads\/2020\/10\/stari-grad-varazdin-web-shutter-1280x427.jpg\" alt=\"\" class=\"wp-image-3301 lazyload\" data-srcset=\"https:\/\/filmingincroatia.hr\/wp-content\/uploads\/2020\/10\/stari-grad-varazdin-web-shutter-1280x427.jpg 1280w, https:\/\/filmingincroatia.hr\/wp-content\/uploads\/2020\/10\/stari-grad-varazdin-web-shutter-300x100.jpg 300w, https:\/\/filmingincroatia.hr\/wp-content\/uploads\/2020\/10\/stari-grad-varazdin-web-shutter-768x256.jpg 768w, https:\/\/filmingincroatia.hr\/wp-content\/uploads\/2020\/10\/stari-grad-varazdin-web-shutter-624x208.jpg 624w, https:\/\/filmingincroatia.hr\/wp-content\/uploads\/2020\/10\/stari-grad-varazdin-web-shutter-958x319.jpg 958w, https:\/\/filmingincroatia.hr\/wp-content\/uploads\/2020\/10\/stari-grad-varazdin-web-shutter.jpg 1500w\" data-sizes=\"(max-width: 1280px) 100vw, 1280px\" src=\"data:image\/svg+xml;base64,PHN2ZyB3aWR0aD0iMSIgaGVpZ2h0PSIxIiB4bWxucz0iaHR0cDovL3d3dy53My5vcmcvMjAwMC9zdmciPjwvc3ZnPg==\" style=\"--smush-placeholder-width: 1280px; --smush-placeholder-aspect-ratio: 1280\/427;\" \/><figcaption class=\"wp-element-caption\">Old Town Vara\u017edin<\/figcaption><\/figure>\n\n\n\n<h3 class=\"wp-block-heading\">Filmski ured Zadar <\/h3>\n\n\n\n<p><a href=\"https:\/\/www.zadarfilmcommission.com\/\">Filmski ured Zadar<\/a> osnovan je u rujnu 2014. godine u sklopu ustanove <a href=\"https:\/\/www.inovacija-zadar.hr\/o-nama\/\">INOVAcija <\/a>kao <high>prvi hrvatski regionalni filmski ured<\/high>. Do sada je pru\u017eio potporu 68 audiovizualnih projekata. Cilj je ureda promovirati Zadarsku \u017eupaniju kao atraktivnu filmsku destinaciju, privu\u0107i \u0161to ve\u0107i broj filmskih projekata i pru\u017eiti im potpunu logisti\u010dku podr\u0161ku. Misija je ureda pove\u0107ati konkurentnost audiovizualne industrije na podru\u010dju Zadarske \u017eupanije te doprinijeti razvoju hrvatske i europske filmske industrije.<\/p>\n\n\n<div class=\"wp-block-image\">\n<figure class=\"alignleft size-large is-resized\"><img decoding=\"async\" width=\"384\" height=\"268\" data-src=\"https:\/\/filmingincroatia.hr\/wp-content\/uploads\/2020\/10\/logo-zadar-mali.png\" alt=\"\" class=\"wp-image-3305 lazyload\" style=\"--smush-placeholder-width: 384px; --smush-placeholder-aspect-ratio: 384\/268;width:157px;height:109px\" data-srcset=\"https:\/\/filmingincroatia.hr\/wp-content\/uploads\/2020\/10\/logo-zadar-mali.png 384w, https:\/\/filmingincroatia.hr\/wp-content\/uploads\/2020\/10\/logo-zadar-mali-300x209.png 300w\" data-sizes=\"(max-width: 384px) 100vw, 384px\" src=\"data:image\/svg+xml;base64,PHN2ZyB3aWR0aD0iMSIgaGVpZ2h0PSIxIiB4bWxucz0iaHR0cDovL3d3dy53My5vcmcvMjAwMC9zdmciPjwvc3ZnPg==\" \/><\/figure>\n<\/div>\n\n\n<p>T: +385 23 627 895<br>E: info@zadarfilmcommission.com<br>W: <a href=\"https:\/\/www.inovacija-zadar.hr\/\">www.inovacija-zadar.hr <\/a><\/p>\n\n\n\n<figure class=\"wp-block-image size-large\"><img decoding=\"async\" width=\"1280\" height=\"427\" data-src=\"https:\/\/filmingincroatia.hr\/wp-content\/uploads\/2020\/10\/pag-f-brala-1-1280x427.jpg\" alt=\"\" class=\"wp-image-3307 lazyload\" data-srcset=\"https:\/\/filmingincroatia.hr\/wp-content\/uploads\/2020\/10\/pag-f-brala-1-1280x427.jpg 1280w, https:\/\/filmingincroatia.hr\/wp-content\/uploads\/2020\/10\/pag-f-brala-1-300x100.jpg 300w, https:\/\/filmingincroatia.hr\/wp-content\/uploads\/2020\/10\/pag-f-brala-1-768x256.jpg 768w, https:\/\/filmingincroatia.hr\/wp-content\/uploads\/2020\/10\/pag-f-brala-1-624x208.jpg 624w, https:\/\/filmingincroatia.hr\/wp-content\/uploads\/2020\/10\/pag-f-brala-1-958x319.jpg 958w, https:\/\/filmingincroatia.hr\/wp-content\/uploads\/2020\/10\/pag-f-brala-1.jpg 1500w\" data-sizes=\"(max-width: 1280px) 100vw, 1280px\" src=\"data:image\/svg+xml;base64,PHN2ZyB3aWR0aD0iMSIgaGVpZ2h0PSIxIiB4bWxucz0iaHR0cDovL3d3dy53My5vcmcvMjAwMC9zdmciPjwvc3ZnPg==\" style=\"--smush-placeholder-width: 1280px; --smush-placeholder-aspect-ratio: 1280\/427;\" \/><figcaption class=\"wp-element-caption\">Otok Pag \/ Filip Brala<\/figcaption><\/figure>\n\n\n\n<h3 class=\"wp-block-heading\">Zagreba\u010dki filmski ured<\/h3>\n\n\n\n<p>Osnovan 2019. godine, <a href=\"https:\/\/filmzagreb.hr\/\">Zagreba\u010dki filmski ured<\/a> prva je postaja za sve filmske produkcije koje snimaju na <high>podru\u010dju Zagreba i okolice<\/high>. Grad Zagreb ponosni je doma\u0107in me\u0111unarodnih produkcija kao \u0161to su <em>\u010cuvaj me s le\u0111a 2<\/em>, <em>Protuudar<\/em>, Emmyjem nagra\u0111ena serija <em>McMafija<\/em>, <em>Puni udar<\/em>, <em>Odmetnici<\/em>, <em>Diana<\/em>, Oscarom nagra\u0111en <em>Sofijin izbor<\/em>, <em>Manifesto<\/em>, Oscarom nagra\u0111en <em>Gusla\u010d na krovu<\/em> i brojni drugi.<\/p>\n\n\n<div class=\"wp-block-image\">\n<figure class=\"alignleft size-large is-resized\"><img decoding=\"async\" width=\"297\" height=\"193\" data-src=\"https:\/\/filmingincroatia.hr\/wp-content\/uploads\/2020\/10\/zfo-logo.png\" alt=\"\" class=\"wp-image-3309 lazyload\" style=\"--smush-placeholder-width: 297px; --smush-placeholder-aspect-ratio: 297\/193;width:160px;height:104px\" src=\"data:image\/svg+xml;base64,PHN2ZyB3aWR0aD0iMSIgaGVpZ2h0PSIxIiB4bWxucz0iaHR0cDovL3d3dy53My5vcmcvMjAwMC9zdmciPjwvc3ZnPg==\" \/><\/figure>\n<\/div>\n\n\n<p>T: +385 1 4550 489<br>E: info@filmzagreb.hr<br>W: www.filmzagreb.hr<\/p>\n\n\n\n<figure class=\"wp-block-image size-large\"><img decoding=\"async\" width=\"1280\" height=\"427\" data-src=\"https:\/\/filmingincroatia.hr\/wp-content\/uploads\/2020\/10\/mirogoj-shutter-web-1280x427.jpg\" alt=\"\" class=\"wp-image-3311 lazyload\" data-srcset=\"https:\/\/filmingincroatia.hr\/wp-content\/uploads\/2020\/10\/mirogoj-shutter-web-1280x427.jpg 1280w, https:\/\/filmingincroatia.hr\/wp-content\/uploads\/2020\/10\/mirogoj-shutter-web-300x100.jpg 300w, https:\/\/filmingincroatia.hr\/wp-content\/uploads\/2020\/10\/mirogoj-shutter-web-768x256.jpg 768w, https:\/\/filmingincroatia.hr\/wp-content\/uploads\/2020\/10\/mirogoj-shutter-web-624x208.jpg 624w, https:\/\/filmingincroatia.hr\/wp-content\/uploads\/2020\/10\/mirogoj-shutter-web-958x319.jpg 958w, https:\/\/filmingincroatia.hr\/wp-content\/uploads\/2020\/10\/mirogoj-shutter-web.jpg 1500w\" data-sizes=\"(max-width: 1280px) 100vw, 1280px\" src=\"data:image\/svg+xml;base64,PHN2ZyB3aWR0aD0iMSIgaGVpZ2h0PSIxIiB4bWxucz0iaHR0cDovL3d3dy53My5vcmcvMjAwMC9zdmciPjwvc3ZnPg==\" style=\"--smush-placeholder-width: 1280px; --smush-placeholder-aspect-ratio: 1280\/427;\" \/><figcaption class=\"wp-element-caption\">Mirogoj, Zagreb<\/figcaption><\/figure>\n","protected":false},"excerpt":{"rendered":"U Hrvatskoj na lokalnoj razini djeluje 6 filmskih ureda koji pru\u017eaju podr\u0161ku doma\u0107im i stranim producentima i filmskim ekipama. Istarska filmska komisija Istarska filmska komisija os","protected":false},"author":2,"featured_media":0,"parent":0,"menu_order":0,"comment_status":"closed","ping_status":"closed","template":"page-sidebar.php","meta":{"_acf_changed":false,"footnotes":""},"class_list":["post-3605","page","type-page","status-publish","hentry"],"acf":[],"yoast_head":"<!-- This site is optimized with the Yoast SEO plugin v27.4 - https:\/\/yoast.com\/product\/yoast-seo-wordpress\/ -->\n<title>Lokalni filmski uredi - Filming in Croatia<\/title>\n<meta name=\"description\" content=\"U Hrvatskoj na lokalnoj razini djeluje 6 filmskih ureda koji pru\u017eaju podr\u0161ku doma\u0107im i stranim producentima i filmskim ekipama. Istarska filmska komisija\" \/>\n<meta name=\"robots\" content=\"index, follow, max-snippet:-1, max-image-preview:large, max-video-preview:-1\" \/>\n<link rel=\"canonical\" href=\"https:\/\/filmingincroatia.hr\/hr\/local-offices\/\" \/>\n<meta property=\"og:locale\" content=\"hr_HR\" \/>\n<meta property=\"og:type\" content=\"article\" \/>\n<meta property=\"og:title\" content=\"Lokalni filmski uredi - Filming in Croatia\" \/>\n<meta property=\"og:description\" content=\"U Hrvatskoj na lokalnoj razini djeluje 6 filmskih ureda koji pru\u017eaju podr\u0161ku doma\u0107im i stranim producentima i filmskim ekipama. Istarska filmska komisija\" \/>\n<meta property=\"og:url\" content=\"https:\/\/filmingincroatia.hr\/hr\/local-offices\/\" \/>\n<meta property=\"og:site_name\" content=\"Filming in Croatia\" \/>\n<meta property=\"article:modified_time\" content=\"2025-12-22T11:43:49+00:00\" \/>\n<meta property=\"og:image\" content=\"https:\/\/filmingincroatia.hr\/wp-content\/uploads\/2020\/10\/ifk.png\" \/>\n\t<meta property=\"og:image:width\" content=\"350\" \/>\n\t<meta property=\"og:image:height\" content=\"125\" \/>\n\t<meta property=\"og:image:type\" content=\"image\/png\" \/>\n<meta name=\"twitter:card\" content=\"summary_large_image\" \/>\n<script type=\"application\/ld+json\" class=\"yoast-schema-graph\">{\"@context\":\"https:\\\/\\\/schema.org\",\"@graph\":[{\"@type\":\"WebPage\",\"@id\":\"https:\\\/\\\/filmingincroatia.hr\\\/hr\\\/local-offices\\\/\",\"url\":\"https:\\\/\\\/filmingincroatia.hr\\\/hr\\\/local-offices\\\/\",\"name\":\"Lokalni filmski uredi - Filming in Croatia\",\"isPartOf\":{\"@id\":\"https:\\\/\\\/filmingincroatia.hr\\\/hr\\\/#website\"},\"primaryImageOfPage\":{\"@id\":\"https:\\\/\\\/filmingincroatia.hr\\\/hr\\\/local-offices\\\/#primaryimage\"},\"image\":{\"@id\":\"https:\\\/\\\/filmingincroatia.hr\\\/hr\\\/local-offices\\\/#primaryimage\"},\"thumbnailUrl\":\"https:\\\/\\\/filmingincroatia.hr\\\/wp-content\\\/uploads\\\/2020\\\/10\\\/ifk.png\",\"datePublished\":\"2020-10-06T04:36:10+00:00\",\"dateModified\":\"2025-12-22T11:43:49+00:00\",\"description\":\"U Hrvatskoj na lokalnoj razini djeluje 6 filmskih ureda koji pru\u017eaju podr\u0161ku doma\u0107im i stranim producentima i filmskim ekipama. Istarska filmska komisija\",\"breadcrumb\":{\"@id\":\"https:\\\/\\\/filmingincroatia.hr\\\/hr\\\/local-offices\\\/#breadcrumb\"},\"inLanguage\":\"hr\",\"potentialAction\":[{\"@type\":\"ReadAction\",\"target\":[\"https:\\\/\\\/filmingincroatia.hr\\\/hr\\\/local-offices\\\/\"]}]},{\"@type\":\"ImageObject\",\"inLanguage\":\"hr\",\"@id\":\"https:\\\/\\\/filmingincroatia.hr\\\/hr\\\/local-offices\\\/#primaryimage\",\"url\":\"https:\\\/\\\/filmingincroatia.hr\\\/wp-content\\\/uploads\\\/2020\\\/10\\\/ifk.png\",\"contentUrl\":\"https:\\\/\\\/filmingincroatia.hr\\\/wp-content\\\/uploads\\\/2020\\\/10\\\/ifk.png\"},{\"@type\":\"BreadcrumbList\",\"@id\":\"https:\\\/\\\/filmingincroatia.hr\\\/hr\\\/local-offices\\\/#breadcrumb\",\"itemListElement\":[{\"@type\":\"ListItem\",\"position\":1,\"name\":\"Home\",\"item\":\"https:\\\/\\\/filmingincroatia.hr\\\/hr\\\/\"},{\"@type\":\"ListItem\",\"position\":2,\"name\":\"Lokalni filmski uredi\"}]},{\"@type\":\"WebSite\",\"@id\":\"https:\\\/\\\/filmingincroatia.hr\\\/hr\\\/#website\",\"url\":\"https:\\\/\\\/filmingincroatia.hr\\\/hr\\\/\",\"name\":\"Filming in Croatia\",\"description\":\"\",\"publisher\":{\"@id\":\"https:\\\/\\\/filmingincroatia.hr\\\/hr\\\/#organization\"},\"potentialAction\":[{\"@type\":\"SearchAction\",\"target\":{\"@type\":\"EntryPoint\",\"urlTemplate\":\"https:\\\/\\\/filmingincroatia.hr\\\/hr\\\/?s={search_term_string}\"},\"query-input\":{\"@type\":\"PropertyValueSpecification\",\"valueRequired\":true,\"valueName\":\"search_term_string\"}}],\"inLanguage\":\"hr\"},{\"@type\":\"Organization\",\"@id\":\"https:\\\/\\\/filmingincroatia.hr\\\/hr\\\/#organization\",\"name\":\"HAVC\",\"url\":\"https:\\\/\\\/filmingincroatia.hr\\\/hr\\\/\",\"logo\":{\"@type\":\"ImageObject\",\"inLanguage\":\"hr\",\"@id\":\"https:\\\/\\\/filmingincroatia.hr\\\/hr\\\/#\\\/schema\\\/logo\\\/image\\\/\",\"url\":\"https:\\\/\\\/filmingincroatia.hr\\\/wp-content\\\/uploads\\\/2020\\\/11\\\/FIC-Logo.png\",\"contentUrl\":\"https:\\\/\\\/filmingincroatia.hr\\\/wp-content\\\/uploads\\\/2020\\\/11\\\/FIC-Logo.png\",\"width\":729,\"height\":160,\"caption\":\"HAVC\"},\"image\":{\"@id\":\"https:\\\/\\\/filmingincroatia.hr\\\/hr\\\/#\\\/schema\\\/logo\\\/image\\\/\"}}]}<\/script>\n<!-- \/ Yoast SEO plugin. -->","yoast_head_json":{"title":"Lokalni filmski uredi - Filming in Croatia","description":"U Hrvatskoj na lokalnoj razini djeluje 6 filmskih ureda koji pru\u017eaju podr\u0161ku doma\u0107im i stranim producentima i filmskim ekipama. Istarska filmska komisija","robots":{"index":"index","follow":"follow","max-snippet":"max-snippet:-1","max-image-preview":"max-image-preview:large","max-video-preview":"max-video-preview:-1"},"canonical":"https:\/\/filmingincroatia.hr\/hr\/local-offices\/","og_locale":"hr_HR","og_type":"article","og_title":"Lokalni filmski uredi - Filming in Croatia","og_description":"U Hrvatskoj na lokalnoj razini djeluje 6 filmskih ureda koji pru\u017eaju podr\u0161ku doma\u0107im i stranim producentima i filmskim ekipama. Istarska filmska komisija","og_url":"https:\/\/filmingincroatia.hr\/hr\/local-offices\/","og_site_name":"Filming in Croatia","article_modified_time":"2025-12-22T11:43:49+00:00","og_image":[{"width":350,"height":125,"url":"https:\/\/filmingincroatia.hr\/wp-content\/uploads\/2020\/10\/ifk.png","type":"image\/png"}],"twitter_card":"summary_large_image","schema":{"@context":"https:\/\/schema.org","@graph":[{"@type":"WebPage","@id":"https:\/\/filmingincroatia.hr\/hr\/local-offices\/","url":"https:\/\/filmingincroatia.hr\/hr\/local-offices\/","name":"Lokalni filmski uredi - Filming in Croatia","isPartOf":{"@id":"https:\/\/filmingincroatia.hr\/hr\/#website"},"primaryImageOfPage":{"@id":"https:\/\/filmingincroatia.hr\/hr\/local-offices\/#primaryimage"},"image":{"@id":"https:\/\/filmingincroatia.hr\/hr\/local-offices\/#primaryimage"},"thumbnailUrl":"https:\/\/filmingincroatia.hr\/wp-content\/uploads\/2020\/10\/ifk.png","datePublished":"2020-10-06T04:36:10+00:00","dateModified":"2025-12-22T11:43:49+00:00","description":"U Hrvatskoj na lokalnoj razini djeluje 6 filmskih ureda koji pru\u017eaju podr\u0161ku doma\u0107im i stranim producentima i filmskim ekipama. Istarska filmska komisija","breadcrumb":{"@id":"https:\/\/filmingincroatia.hr\/hr\/local-offices\/#breadcrumb"},"inLanguage":"hr","potentialAction":[{"@type":"ReadAction","target":["https:\/\/filmingincroatia.hr\/hr\/local-offices\/"]}]},{"@type":"ImageObject","inLanguage":"hr","@id":"https:\/\/filmingincroatia.hr\/hr\/local-offices\/#primaryimage","url":"https:\/\/filmingincroatia.hr\/wp-content\/uploads\/2020\/10\/ifk.png","contentUrl":"https:\/\/filmingincroatia.hr\/wp-content\/uploads\/2020\/10\/ifk.png"},{"@type":"BreadcrumbList","@id":"https:\/\/filmingincroatia.hr\/hr\/local-offices\/#breadcrumb","itemListElement":[{"@type":"ListItem","position":1,"name":"Home","item":"https:\/\/filmingincroatia.hr\/hr\/"},{"@type":"ListItem","position":2,"name":"Lokalni filmski uredi"}]},{"@type":"WebSite","@id":"https:\/\/filmingincroatia.hr\/hr\/#website","url":"https:\/\/filmingincroatia.hr\/hr\/","name":"Filming in Croatia","description":"","publisher":{"@id":"https:\/\/filmingincroatia.hr\/hr\/#organization"},"potentialAction":[{"@type":"SearchAction","target":{"@type":"EntryPoint","urlTemplate":"https:\/\/filmingincroatia.hr\/hr\/?s={search_term_string}"},"query-input":{"@type":"PropertyValueSpecification","valueRequired":true,"valueName":"search_term_string"}}],"inLanguage":"hr"},{"@type":"Organization","@id":"https:\/\/filmingincroatia.hr\/hr\/#organization","name":"HAVC","url":"https:\/\/filmingincroatia.hr\/hr\/","logo":{"@type":"ImageObject","inLanguage":"hr","@id":"https:\/\/filmingincroatia.hr\/hr\/#\/schema\/logo\/image\/","url":"https:\/\/filmingincroatia.hr\/wp-content\/uploads\/2020\/11\/FIC-Logo.png","contentUrl":"https:\/\/filmingincroatia.hr\/wp-content\/uploads\/2020\/11\/FIC-Logo.png","width":729,"height":160,"caption":"HAVC"},"image":{"@id":"https:\/\/filmingincroatia.hr\/hr\/#\/schema\/logo\/image\/"}}]}},"_links":{"self":[{"href":"https:\/\/filmingincroatia.hr\/hr\/wp-json\/wp\/v2\/pages\/3605","targetHints":{"allow":["GET"]}}],"collection":[{"href":"https:\/\/filmingincroatia.hr\/hr\/wp-json\/wp\/v2\/pages"}],"about":[{"href":"https:\/\/filmingincroatia.hr\/hr\/wp-json\/wp\/v2\/types\/page"}],"author":[{"embeddable":true,"href":"https:\/\/filmingincroatia.hr\/hr\/wp-json\/wp\/v2\/users\/2"}],"replies":[{"embeddable":true,"href":"https:\/\/filmingincroatia.hr\/hr\/wp-json\/wp\/v2\/comments?post=3605"}],"version-history":[{"count":0,"href":"https:\/\/filmingincroatia.hr\/hr\/wp-json\/wp\/v2\/pages\/3605\/revisions"}],"wp:attachment":[{"href":"https:\/\/filmingincroatia.hr\/hr\/wp-json\/wp\/v2\/media?parent=3605"}],"curies":[{"name":"wp","href":"https:\/\/api.w.org\/{rel}","templated":true}]}}