{"id":4158,"date":"2020-11-01T08:24:00","date_gmt":"2020-11-01T07:24:00","guid":{"rendered":"https:\/\/filmingincroatia.hr\/?page_id=4158"},"modified":"2026-01-05T10:40:26","modified_gmt":"2026-01-05T09:40:26","slug":"odjel-za-poticanje-ulaganja-u-audiovizualnu-proizvodnju","status":"publish","type":"page","link":"https:\/\/filmingincroatia.hr\/hr\/odjel-za-poticanje-ulaganja-u-audiovizualnu-proizvodnju\/","title":{"rendered":"Odjel za poticanje ulaganja u audiovizualnu proizvodnju"},"content":{"rendered":"\n<h3 class=\"wp-block-heading\"><high>Hrvatski audiovizualni centar<\/high> u suradnji s Ministarstvom kulture i medija te Ministarstvom financija od 2012. provodi Program poticanja ulaganja u proizvodnju audiovizualnih djela, u svijetu prepoznat pod nazivom <strong><em>Filming in Croatia<\/em><\/strong>. <\/h3>\n\n\n\n<p>Odjel za poticanje ulaganja u audiovizualnu proizvodnju <a href=\"https:\/\/havc.hr\/\" target=\"_blank\" rel=\"noreferrer noopener\">Hrvatskog audiovizualnog centra<\/a> administrira program poticaja i promovira Hrvatsku kao lokaciju za snimanja. <\/p>\n\n\n\n<p>Zahvaljuju\u0107i ljepoti i raznolikosti lokacija pogodnih za snimanja, iskustvu i stru\u010dnosti filmskih profesionalaca te pouzdanog programa poticaja, Hrvatska je u svijetu prepoznata kao atraktivna i konkurentna produkcijska destinacija.<\/p>\n\n\n\n<h2 class=\"wp-block-heading\">Obveza davatelja dr\u017eavne potpore<\/h2>\n\n\n\n<p>Davatelj dr\u017eavne potpore du\u017ean je na svojim slu\u017ebenim internetskim stranicama objaviti potpuni tekst odobrenog <a href=\"https:\/\/havc.hr\/img\/newsletter\/files\/Program_HAVC_Poticaji%202024%202026_s%20linkovima.pdf\">programa potpore<\/a> i njegove <a href=\"https:\/\/filmingincroatia.hr\/wp-content\/uploads\/2024\/04\/PRAVILNIK-O-POTICANJU-ULAGANJA-U-PROIZVODNJU-AUDIOVIZUALNIH-DJELA-procisceni-tekst_2024.pdf\">provedbene odredbe<\/a>, ime korisnika potpore, naziv podnositelja zahtjeva i projekt za koji je dodijeljen financijski poticaj, iznos i intenzitet dr\u017eavne potpore izra\u017een kao udjel u ukupnom prora\u010dunu projekta za koji je financijski poticaj dodijeljen.<\/p>\n\n\n\n<p>Slu\u017ebeni podaci dostupni su na poveznicama ni\u017ee:<\/p>\n\n\n\n<p><a href=\"https:\/\/filmingincroatia.hr\/wp-content\/uploads\/2026\/01\/2025.pdf\">2025.<\/a><\/p>\n\n\n\n<p><a href=\"https:\/\/filmingincroatia.hr\/wp-content\/uploads\/2025\/01\/2024.pdf\">2024.<\/a><\/p>\n\n\n\n<p><a href=\"https:\/\/filmingincroatia.hr\/wp-content\/uploads\/2024\/01\/2023.pdf\">2023.<\/a><\/p>\n\n\n\n<p><a href=\"https:\/\/filmingincroatia.hr\/wp-content\/uploads\/2023\/07\/2022.pdf\" target=\"_blank\" rel=\"noreferrer noopener nofollow\">2022.<\/a><\/p>\n\n\n\n<p><a href=\"https:\/\/filmingincroatia.hr\/wp-content\/uploads\/2023\/08\/2021.pdf\" target=\"_blank\" rel=\"noreferrer noopener nofollow\">2021.<\/a><\/p>\n\n\n\n<p><a href=\"https:\/\/filmingincroatia.hr\/wp-content\/uploads\/2023\/08\/2020.pdf\" target=\"_blank\" rel=\"noreferrer noopener nofollow\">2020.<\/a><\/p>\n\n\n\n<p><a href=\"https:\/\/filmingincroatia.hr\/wp-content\/uploads\/2023\/08\/2019.pdf\" target=\"_blank\" rel=\"noreferrer noopener nofollow\">2019.<\/a><\/p>\n\n\n\n<p><a href=\"https:\/\/filmingincroatia.hr\/wp-content\/uploads\/2023\/08\/2018.pdf\" target=\"_blank\" rel=\"noreferrer noopener nofollow\">2018.<\/a><\/p>\n\n\n\n<p><a href=\"https:\/\/filmingincroatia.hr\/wp-content\/uploads\/2023\/08\/2017.pdf\" target=\"_blank\" rel=\"noreferrer noopener nofollow\">2017.<\/a><\/p>\n\n\n\n<p><a href=\"https:\/\/filmingincroatia.hr\/wp-content\/uploads\/2023\/08\/2016.pdf\" target=\"_blank\" rel=\"noreferrer noopener nofollow\">2016.<\/a><\/p>\n\n\n\n<p><a href=\"https:\/\/filmingincroatia.hr\/wp-content\/uploads\/2023\/08\/2015.pdf\" target=\"_blank\" rel=\"noreferrer noopener nofollow\">2015.<\/a><\/p>\n\n\n\n<p><a href=\"https:\/\/filmingincroatia.hr\/wp-content\/uploads\/2023\/08\/2014.pdf\" target=\"_blank\" rel=\"noreferrer noopener nofollow\">2014.<\/a><\/p>\n\n\n\n<p><a href=\"https:\/\/filmingincroatia.hr\/wp-content\/uploads\/2023\/08\/2013.pdf\" target=\"_blank\" rel=\"noreferrer noopener nofollow\">2013.<\/a><\/p>\n\n\n\n<p><\/p>\n\n\n\n<p><\/p>\n","protected":false},"excerpt":{"rendered":"Hrvatski audiovizualni centar u suradnji s Ministarstvom kulture i medija te Ministarstvom financija od 2012. provodi Program poticanja ulaganja u proizvodnju audiovizualnih djela, u sv","protected":false},"author":2,"featured_media":0,"parent":0,"menu_order":0,"comment_status":"closed","ping_status":"closed","template":"","meta":{"_acf_changed":false,"footnotes":""},"class_list":["post-4158","page","type-page","status-publish","hentry"],"acf":[],"yoast_head":"<!-- This site is optimized with the Yoast SEO plugin v27.1.1 - https:\/\/yoast.com\/product\/yoast-seo-wordpress\/ -->\n<title>Odjel za poticanje ulaganja u audiovizualnu proizvodnju - Filming in Croatia<\/title>\n<meta name=\"description\" content=\"Hrvatski audiovizualni centar u suradnji s Ministarstvom kulture i medija te Ministarstvom financija od 2012. provodi Program poticanja ulaganja u\" \/>\n<meta name=\"robots\" content=\"index, follow, max-snippet:-1, max-image-preview:large, max-video-preview:-1\" \/>\n<link rel=\"canonical\" href=\"https:\/\/filmingincroatia.hr\/hr\/odjel-za-poticanje-ulaganja-u-audiovizualnu-proizvodnju\/\" \/>\n<meta property=\"og:locale\" content=\"hr_HR\" \/>\n<meta property=\"og:type\" content=\"article\" \/>\n<meta property=\"og:title\" content=\"Odjel za poticanje ulaganja u audiovizualnu proizvodnju - Filming in Croatia\" \/>\n<meta property=\"og:description\" content=\"Hrvatski audiovizualni centar u suradnji s Ministarstvom kulture i medija te Ministarstvom financija od 2012. provodi Program poticanja ulaganja u\" \/>\n<meta property=\"og:url\" content=\"https:\/\/filmingincroatia.hr\/hr\/odjel-za-poticanje-ulaganja-u-audiovizualnu-proizvodnju\/\" \/>\n<meta property=\"og:site_name\" content=\"Filming in Croatia\" \/>\n<meta property=\"article:modified_time\" content=\"2026-01-05T09:40:26+00:00\" \/>\n<meta name=\"twitter:card\" content=\"summary_large_image\" \/>\n<script type=\"application\/ld+json\" class=\"yoast-schema-graph\">{\"@context\":\"https:\/\/schema.org\",\"@graph\":[{\"@type\":\"WebPage\",\"@id\":\"https:\/\/filmingincroatia.hr\/hr\/odjel-za-poticanje-ulaganja-u-audiovizualnu-proizvodnju\/\",\"url\":\"https:\/\/filmingincroatia.hr\/hr\/odjel-za-poticanje-ulaganja-u-audiovizualnu-proizvodnju\/\",\"name\":\"Odjel za poticanje ulaganja u audiovizualnu proizvodnju - Filming in Croatia\",\"isPartOf\":{\"@id\":\"https:\/\/filmingincroatia.hr\/hr\/#website\"},\"datePublished\":\"2020-11-01T07:24:00+00:00\",\"dateModified\":\"2026-01-05T09:40:26+00:00\",\"description\":\"Hrvatski audiovizualni centar u suradnji s Ministarstvom kulture i medija te Ministarstvom financija od 2012. provodi Program poticanja ulaganja u\",\"breadcrumb\":{\"@id\":\"https:\/\/filmingincroatia.hr\/hr\/odjel-za-poticanje-ulaganja-u-audiovizualnu-proizvodnju\/#breadcrumb\"},\"inLanguage\":\"hr\",\"potentialAction\":[{\"@type\":\"ReadAction\",\"target\":[\"https:\/\/filmingincroatia.hr\/hr\/odjel-za-poticanje-ulaganja-u-audiovizualnu-proizvodnju\/\"]}]},{\"@type\":\"BreadcrumbList\",\"@id\":\"https:\/\/filmingincroatia.hr\/hr\/odjel-za-poticanje-ulaganja-u-audiovizualnu-proizvodnju\/#breadcrumb\",\"itemListElement\":[{\"@type\":\"ListItem\",\"position\":1,\"name\":\"Home\",\"item\":\"https:\/\/filmingincroatia.hr\/hr\/\"},{\"@type\":\"ListItem\",\"position\":2,\"name\":\"Odjel za poticanje ulaganja u audiovizualnu proizvodnju\"}]},{\"@type\":\"WebSite\",\"@id\":\"https:\/\/filmingincroatia.hr\/hr\/#website\",\"url\":\"https:\/\/filmingincroatia.hr\/hr\/\",\"name\":\"Filming in Croatia\",\"description\":\"\",\"publisher\":{\"@id\":\"https:\/\/filmingincroatia.hr\/hr\/#organization\"},\"potentialAction\":[{\"@type\":\"SearchAction\",\"target\":{\"@type\":\"EntryPoint\",\"urlTemplate\":\"https:\/\/filmingincroatia.hr\/hr\/?s={search_term_string}\"},\"query-input\":{\"@type\":\"PropertyValueSpecification\",\"valueRequired\":true,\"valueName\":\"search_term_string\"}}],\"inLanguage\":\"hr\"},{\"@type\":\"Organization\",\"@id\":\"https:\/\/filmingincroatia.hr\/hr\/#organization\",\"name\":\"HAVC\",\"url\":\"https:\/\/filmingincroatia.hr\/hr\/\",\"logo\":{\"@type\":\"ImageObject\",\"inLanguage\":\"hr\",\"@id\":\"https:\/\/filmingincroatia.hr\/hr\/#\/schema\/logo\/image\/\",\"url\":\"https:\/\/filmingincroatia.hr\/wp-content\/uploads\/2020\/11\/FIC-Logo.png\",\"contentUrl\":\"https:\/\/filmingincroatia.hr\/wp-content\/uploads\/2020\/11\/FIC-Logo.png\",\"width\":729,\"height\":160,\"caption\":\"HAVC\"},\"image\":{\"@id\":\"https:\/\/filmingincroatia.hr\/hr\/#\/schema\/logo\/image\/\"}}]}<\/script>\n<!-- \/ Yoast SEO plugin. -->","yoast_head_json":{"title":"Odjel za poticanje ulaganja u audiovizualnu proizvodnju - Filming in Croatia","description":"Hrvatski audiovizualni centar u suradnji s Ministarstvom kulture i medija te Ministarstvom financija od 2012. provodi Program poticanja ulaganja u","robots":{"index":"index","follow":"follow","max-snippet":"max-snippet:-1","max-image-preview":"max-image-preview:large","max-video-preview":"max-video-preview:-1"},"canonical":"https:\/\/filmingincroatia.hr\/hr\/odjel-za-poticanje-ulaganja-u-audiovizualnu-proizvodnju\/","og_locale":"hr_HR","og_type":"article","og_title":"Odjel za poticanje ulaganja u audiovizualnu proizvodnju - Filming in Croatia","og_description":"Hrvatski audiovizualni centar u suradnji s Ministarstvom kulture i medija te Ministarstvom financija od 2012. provodi Program poticanja ulaganja u","og_url":"https:\/\/filmingincroatia.hr\/hr\/odjel-za-poticanje-ulaganja-u-audiovizualnu-proizvodnju\/","og_site_name":"Filming in Croatia","article_modified_time":"2026-01-05T09:40:26+00:00","twitter_card":"summary_large_image","schema":{"@context":"https:\/\/schema.org","@graph":[{"@type":"WebPage","@id":"https:\/\/filmingincroatia.hr\/hr\/odjel-za-poticanje-ulaganja-u-audiovizualnu-proizvodnju\/","url":"https:\/\/filmingincroatia.hr\/hr\/odjel-za-poticanje-ulaganja-u-audiovizualnu-proizvodnju\/","name":"Odjel za poticanje ulaganja u audiovizualnu proizvodnju - Filming in Croatia","isPartOf":{"@id":"https:\/\/filmingincroatia.hr\/hr\/#website"},"datePublished":"2020-11-01T07:24:00+00:00","dateModified":"2026-01-05T09:40:26+00:00","description":"Hrvatski audiovizualni centar u suradnji s Ministarstvom kulture i medija te Ministarstvom financija od 2012. provodi Program poticanja ulaganja u","breadcrumb":{"@id":"https:\/\/filmingincroatia.hr\/hr\/odjel-za-poticanje-ulaganja-u-audiovizualnu-proizvodnju\/#breadcrumb"},"inLanguage":"hr","potentialAction":[{"@type":"ReadAction","target":["https:\/\/filmingincroatia.hr\/hr\/odjel-za-poticanje-ulaganja-u-audiovizualnu-proizvodnju\/"]}]},{"@type":"BreadcrumbList","@id":"https:\/\/filmingincroatia.hr\/hr\/odjel-za-poticanje-ulaganja-u-audiovizualnu-proizvodnju\/#breadcrumb","itemListElement":[{"@type":"ListItem","position":1,"name":"Home","item":"https:\/\/filmingincroatia.hr\/hr\/"},{"@type":"ListItem","position":2,"name":"Odjel za poticanje ulaganja u audiovizualnu proizvodnju"}]},{"@type":"WebSite","@id":"https:\/\/filmingincroatia.hr\/hr\/#website","url":"https:\/\/filmingincroatia.hr\/hr\/","name":"Filming in Croatia","description":"","publisher":{"@id":"https:\/\/filmingincroatia.hr\/hr\/#organization"},"potentialAction":[{"@type":"SearchAction","target":{"@type":"EntryPoint","urlTemplate":"https:\/\/filmingincroatia.hr\/hr\/?s={search_term_string}"},"query-input":{"@type":"PropertyValueSpecification","valueRequired":true,"valueName":"search_term_string"}}],"inLanguage":"hr"},{"@type":"Organization","@id":"https:\/\/filmingincroatia.hr\/hr\/#organization","name":"HAVC","url":"https:\/\/filmingincroatia.hr\/hr\/","logo":{"@type":"ImageObject","inLanguage":"hr","@id":"https:\/\/filmingincroatia.hr\/hr\/#\/schema\/logo\/image\/","url":"https:\/\/filmingincroatia.hr\/wp-content\/uploads\/2020\/11\/FIC-Logo.png","contentUrl":"https:\/\/filmingincroatia.hr\/wp-content\/uploads\/2020\/11\/FIC-Logo.png","width":729,"height":160,"caption":"HAVC"},"image":{"@id":"https:\/\/filmingincroatia.hr\/hr\/#\/schema\/logo\/image\/"}}]}},"_links":{"self":[{"href":"https:\/\/filmingincroatia.hr\/hr\/wp-json\/wp\/v2\/pages\/4158","targetHints":{"allow":["GET"]}}],"collection":[{"href":"https:\/\/filmingincroatia.hr\/hr\/wp-json\/wp\/v2\/pages"}],"about":[{"href":"https:\/\/filmingincroatia.hr\/hr\/wp-json\/wp\/v2\/types\/page"}],"author":[{"embeddable":true,"href":"https:\/\/filmingincroatia.hr\/hr\/wp-json\/wp\/v2\/users\/2"}],"replies":[{"embeddable":true,"href":"https:\/\/filmingincroatia.hr\/hr\/wp-json\/wp\/v2\/comments?post=4158"}],"version-history":[{"count":0,"href":"https:\/\/filmingincroatia.hr\/hr\/wp-json\/wp\/v2\/pages\/4158\/revisions"}],"wp:attachment":[{"href":"https:\/\/filmingincroatia.hr\/hr\/wp-json\/wp\/v2\/media?parent=4158"}],"curies":[{"name":"wp","href":"https:\/\/api.w.org\/{rel}","templated":true}]}}