{"id":5329,"date":"2021-08-24T15:16:24","date_gmt":"2021-08-24T13:16:24","guid":{"rendered":"https:\/\/filmingincroatia.hr\/?page_id=5329"},"modified":"2021-08-24T15:36:39","modified_gmt":"2021-08-24T13:36:39","slug":"izjava-o-pristupacnosti","status":"publish","type":"page","link":"https:\/\/filmingincroatia.hr\/hr\/izjava-o-pristupacnosti\/","title":{"rendered":"Izjava o pristupa\u010dnosti"},"content":{"rendered":"\n<p>Hrvatski audiovizualni centar nastoji svoje internetske stranice u\u010diniti pristupa\u010dnima u skladu sa Zakonom o pristupa\u010dnosti internetskih stranica i programskih rje\u0161enja za pokretne ure\u0111aje tijela javnog sektora (\u201eNarodne novine\u201c, broj 17\/19; dalje u tekstu: Zakon o pristupa\u010dnosti internetskih stranica i programskih rje\u0161enja za pokretne ure\u0111aje tijela javnog sektora) kojim se prenosi Direktiva (EU) 2016\/2102 Europskog parlamenta i Vije\u0107a od 26. listopada 2016. o pristupa\u010dnosti internetskih stranica i mobilnih aplikacija tijela javnog sektora (SL L 327 od 2. prosinca 2016.)<\/p>\n\n\n\n<p>Ova izjava o pristupa\u010dnosti primjenjuje se na internetsku stranicu na mre\u017enom mjestu&nbsp;&nbsp;<a href=\"http:\/\/filmingincroatia.hr\/\" target=\"_blank\" rel=\"noreferrer noopener\"><strong><em>filmingincroatia.hr<\/em><\/strong><\/a>.<\/p>\n\n\n\n<p>Izjava o pristupa\u010dnosti posljedni je puta revidirana 24. kolovoza 2021. godine.<\/p>\n\n\n\n<p><strong>Stupanj uskla\u0111enosti<\/strong><\/p>\n\n\n\n<p>Ova internetska stranica djelomi\u010dno je uskla\u0111ena sa Zakonom o pristupa\u010dnosti internetskih stranica i programskih rje\u0161enja za pokretne ure\u0111aje tijela javnog sektora te Smjernicama CARNET-a za osiguravanje digitalne pristupa\u010dnosti koje su pregledane i odobrene od nacionalnih krovnih udruga osoba s invaliditetom.<\/p>\n\n\n\n<p><strong>Nepristupa\u010dan sadr\u017eaj<\/strong><\/p>\n\n\n\n<p>Sadr\u017eaj naveden u nastavku nepristupa\u010dan je zbog sljede\u0107ih razloga:<\/p>\n\n\n\n<ul class=\"wp-block-list\"><li>ve\u0107ina fotografija sadr\u017ei \u201ealt\u201c atribute, osim neznatnog dijela fotografija kod kojih nije bila mogu\u0107a automatska dodjela prikladnog tekstualnog opisa<\/li><li>nije mogu\u0107a promjena veli\u010dine slova bez gubitka okolnog teksta (sadr\u017eaja) te ne postoji opcija uklju\u010divanja fonta za osobe s disleksijom<\/li><li>ne postoji opcija promjene kontrasta na stranici<\/li><\/ul>\n\n\n\n<p><strong>Priprema ove izjave o pristupa\u010dnosti<\/strong><\/p>\n\n\n\n<p>Ova Izjava sastavljena je dana 21. rujna 2020. prema Predlo\u0161ku izjave o pristupa\u010dnosti koji je u skladu s Direktivom (EU) 2016\/2102 Europskog parlamenta i Vije\u0107a o pristupa\u010dnosti internetskih stranica i mobilnih aplikacija tijela javnog sektora, a utvr\u0111en je Provedbenom odlukom komisije EU 2018\/1523 11. listopada 2018.<\/p>\n\n\n\n<p>Za pripremu ove Izjave kori\u0161tena je metoda samoprocjene koju je proveo Hrvatski audiovizualni centar, uz automatiziranu provjeru pristupa\u010dnosti kori\u0161tenjem alata WAVE Web Accessibility Evaluation Tool te vanjskom procjenom (Slobodna domena).<\/p>\n\n\n\n<p><strong>Povratne informacije i podaci za kontakt<\/strong><\/p>\n\n\n\n<p>Podno\u0161enjem zahtjeva Hrvatskom audiovizualnom centru mo\u017eete dobiti povratne informacije i\/ili prijaviti uo\u010dene nepravilnosti u smislu Zakona o pristupa\u010dnosti mre\u017enih stranica i programskih rje\u0161enja za pokretne ure\u0111aje tijela javnog sektora. Zahtjev mo\u017eete podnijeti slu\u017ebenici za informiranje Hrvatskog audiovizualnog centra:<\/p>\n\n\n\n<ul class=\"wp-block-list\"><li>putem elektroni\u010dke po\u0161te na adrese <a href=\"mailto:info@havc.hr\">info@havc.hr<\/a>,&nbsp;<\/li><li>na adresu: Hrvatski audiovizualni centar, Trg J.J. Strossmayera 4, 10000 Zagreb, neposredno ili putem po\u0161te<\/li><li>telefonom na brojeve: 01 6041 080<\/li><\/ul>\n\n\n\n<p><strong>Postupak pra\u0107enja provedbe propisa<\/strong><\/p>\n\n\n\n<p>Nadzor nad provedbom Zakona o pristupa\u010dnosti mre\u017enih stranica i programskih rje\u0161enja za pokretne ure\u0111aje tijela javnog sektora obavlja Povjerenik za informiranje Republike Hrvatske.<\/p>\n\n\n\n<p>Inspekcijski nadzor nad provedbom Zakona o pristupa\u010dnosti mre\u017enih stranica i programskih rje\u0161enja za pokretne ure\u0111aje tijela javnog sektora obavljaju inspektori i drugi ovla\u0161teni slu\u017ebenici ureda Povjerenika za informiranje.<\/p>\n\n\n\n<p>Kontakt:<\/p>\n\n\n\n<p>Povjerenik za informiranje<br>Trg \u017ertava fa\u0161izma 3<br>10000 Zagreb<br>Tel: 01 2099 100<br>Fax: 01 2099 122<br>E-mail: <a href=\"mailto:ppi@pristupinfo.hr\" target=\"_blank\" rel=\"noreferrer noopener\">ppi@pristupinfo.hr<\/a><br><a href=\"https:\/\/pristupinfo.hr\/?lang=en\">www.pristupinfo.hr<\/a><\/p>\n","protected":false},"excerpt":{"rendered":"Hrvatski audiovizualni centar nastoji svoje internetske stranice u\u010diniti pristupa\u010dnima u skladu sa Zakonom o pristupa\u010dnosti internetskih stranica i programskih rje\u0161enja za pokretne ","protected":false},"author":2,"featured_media":0,"parent":0,"menu_order":0,"comment_status":"closed","ping_status":"closed","template":"","meta":{"_acf_changed":false,"footnotes":""},"class_list":["post-5329","page","type-page","status-publish","hentry"],"acf":[],"yoast_head":"<!-- This site is optimized with the Yoast SEO plugin v27.4 - https:\/\/yoast.com\/product\/yoast-seo-wordpress\/ -->\n<title>Izjava o pristupa\u010dnosti - Filming in Croatia<\/title>\n<meta name=\"description\" content=\"Hrvatski audiovizualni centar nastoji svoje internetske stranice u\u010diniti pristupa\u010dnima u skladu sa Zakonom o pristupa\u010dnosti internetskih stranica i\" \/>\n<meta name=\"robots\" content=\"index, follow, max-snippet:-1, max-image-preview:large, max-video-preview:-1\" \/>\n<link rel=\"canonical\" href=\"https:\/\/filmingincroatia.hr\/hr\/izjava-o-pristupacnosti\/\" \/>\n<meta property=\"og:locale\" content=\"hr_HR\" \/>\n<meta property=\"og:type\" content=\"article\" \/>\n<meta property=\"og:title\" content=\"Izjava o pristupa\u010dnosti - Filming in Croatia\" \/>\n<meta property=\"og:description\" content=\"Hrvatski audiovizualni centar nastoji svoje internetske stranice u\u010diniti pristupa\u010dnima u skladu sa Zakonom o pristupa\u010dnosti internetskih stranica i\" \/>\n<meta property=\"og:url\" content=\"https:\/\/filmingincroatia.hr\/hr\/izjava-o-pristupacnosti\/\" \/>\n<meta property=\"og:site_name\" content=\"Filming in Croatia\" \/>\n<meta property=\"article:modified_time\" content=\"2021-08-24T13:36:39+00:00\" \/>\n<meta name=\"twitter:card\" content=\"summary_large_image\" \/>\n<script type=\"application\/ld+json\" class=\"yoast-schema-graph\">{\"@context\":\"https:\\\/\\\/schema.org\",\"@graph\":[{\"@type\":\"WebPage\",\"@id\":\"https:\\\/\\\/filmingincroatia.hr\\\/hr\\\/izjava-o-pristupacnosti\\\/\",\"url\":\"https:\\\/\\\/filmingincroatia.hr\\\/hr\\\/izjava-o-pristupacnosti\\\/\",\"name\":\"Izjava o pristupa\u010dnosti - Filming in Croatia\",\"isPartOf\":{\"@id\":\"https:\\\/\\\/filmingincroatia.hr\\\/hr\\\/#website\"},\"datePublished\":\"2021-08-24T13:16:24+00:00\",\"dateModified\":\"2021-08-24T13:36:39+00:00\",\"description\":\"Hrvatski audiovizualni centar nastoji svoje internetske stranice u\u010diniti pristupa\u010dnima u skladu sa Zakonom o pristupa\u010dnosti internetskih stranica i\",\"breadcrumb\":{\"@id\":\"https:\\\/\\\/filmingincroatia.hr\\\/hr\\\/izjava-o-pristupacnosti\\\/#breadcrumb\"},\"inLanguage\":\"hr\",\"potentialAction\":[{\"@type\":\"ReadAction\",\"target\":[\"https:\\\/\\\/filmingincroatia.hr\\\/hr\\\/izjava-o-pristupacnosti\\\/\"]}]},{\"@type\":\"BreadcrumbList\",\"@id\":\"https:\\\/\\\/filmingincroatia.hr\\\/hr\\\/izjava-o-pristupacnosti\\\/#breadcrumb\",\"itemListElement\":[{\"@type\":\"ListItem\",\"position\":1,\"name\":\"Home\",\"item\":\"https:\\\/\\\/filmingincroatia.hr\\\/hr\\\/\"},{\"@type\":\"ListItem\",\"position\":2,\"name\":\"Izjava o pristupa\u010dnosti\"}]},{\"@type\":\"WebSite\",\"@id\":\"https:\\\/\\\/filmingincroatia.hr\\\/hr\\\/#website\",\"url\":\"https:\\\/\\\/filmingincroatia.hr\\\/hr\\\/\",\"name\":\"Filming in Croatia\",\"description\":\"\",\"publisher\":{\"@id\":\"https:\\\/\\\/filmingincroatia.hr\\\/hr\\\/#organization\"},\"potentialAction\":[{\"@type\":\"SearchAction\",\"target\":{\"@type\":\"EntryPoint\",\"urlTemplate\":\"https:\\\/\\\/filmingincroatia.hr\\\/hr\\\/?s={search_term_string}\"},\"query-input\":{\"@type\":\"PropertyValueSpecification\",\"valueRequired\":true,\"valueName\":\"search_term_string\"}}],\"inLanguage\":\"hr\"},{\"@type\":\"Organization\",\"@id\":\"https:\\\/\\\/filmingincroatia.hr\\\/hr\\\/#organization\",\"name\":\"HAVC\",\"url\":\"https:\\\/\\\/filmingincroatia.hr\\\/hr\\\/\",\"logo\":{\"@type\":\"ImageObject\",\"inLanguage\":\"hr\",\"@id\":\"https:\\\/\\\/filmingincroatia.hr\\\/hr\\\/#\\\/schema\\\/logo\\\/image\\\/\",\"url\":\"https:\\\/\\\/filmingincroatia.hr\\\/wp-content\\\/uploads\\\/2020\\\/11\\\/FIC-Logo.png\",\"contentUrl\":\"https:\\\/\\\/filmingincroatia.hr\\\/wp-content\\\/uploads\\\/2020\\\/11\\\/FIC-Logo.png\",\"width\":729,\"height\":160,\"caption\":\"HAVC\"},\"image\":{\"@id\":\"https:\\\/\\\/filmingincroatia.hr\\\/hr\\\/#\\\/schema\\\/logo\\\/image\\\/\"}}]}<\/script>\n<!-- \/ Yoast SEO plugin. -->","yoast_head_json":{"title":"Izjava o pristupa\u010dnosti - Filming in Croatia","description":"Hrvatski audiovizualni centar nastoji svoje internetske stranice u\u010diniti pristupa\u010dnima u skladu sa Zakonom o pristupa\u010dnosti internetskih stranica i","robots":{"index":"index","follow":"follow","max-snippet":"max-snippet:-1","max-image-preview":"max-image-preview:large","max-video-preview":"max-video-preview:-1"},"canonical":"https:\/\/filmingincroatia.hr\/hr\/izjava-o-pristupacnosti\/","og_locale":"hr_HR","og_type":"article","og_title":"Izjava o pristupa\u010dnosti - Filming in Croatia","og_description":"Hrvatski audiovizualni centar nastoji svoje internetske stranice u\u010diniti pristupa\u010dnima u skladu sa Zakonom o pristupa\u010dnosti internetskih stranica i","og_url":"https:\/\/filmingincroatia.hr\/hr\/izjava-o-pristupacnosti\/","og_site_name":"Filming in Croatia","article_modified_time":"2021-08-24T13:36:39+00:00","twitter_card":"summary_large_image","schema":{"@context":"https:\/\/schema.org","@graph":[{"@type":"WebPage","@id":"https:\/\/filmingincroatia.hr\/hr\/izjava-o-pristupacnosti\/","url":"https:\/\/filmingincroatia.hr\/hr\/izjava-o-pristupacnosti\/","name":"Izjava o pristupa\u010dnosti - Filming in Croatia","isPartOf":{"@id":"https:\/\/filmingincroatia.hr\/hr\/#website"},"datePublished":"2021-08-24T13:16:24+00:00","dateModified":"2021-08-24T13:36:39+00:00","description":"Hrvatski audiovizualni centar nastoji svoje internetske stranice u\u010diniti pristupa\u010dnima u skladu sa Zakonom o pristupa\u010dnosti internetskih stranica i","breadcrumb":{"@id":"https:\/\/filmingincroatia.hr\/hr\/izjava-o-pristupacnosti\/#breadcrumb"},"inLanguage":"hr","potentialAction":[{"@type":"ReadAction","target":["https:\/\/filmingincroatia.hr\/hr\/izjava-o-pristupacnosti\/"]}]},{"@type":"BreadcrumbList","@id":"https:\/\/filmingincroatia.hr\/hr\/izjava-o-pristupacnosti\/#breadcrumb","itemListElement":[{"@type":"ListItem","position":1,"name":"Home","item":"https:\/\/filmingincroatia.hr\/hr\/"},{"@type":"ListItem","position":2,"name":"Izjava o pristupa\u010dnosti"}]},{"@type":"WebSite","@id":"https:\/\/filmingincroatia.hr\/hr\/#website","url":"https:\/\/filmingincroatia.hr\/hr\/","name":"Filming in Croatia","description":"","publisher":{"@id":"https:\/\/filmingincroatia.hr\/hr\/#organization"},"potentialAction":[{"@type":"SearchAction","target":{"@type":"EntryPoint","urlTemplate":"https:\/\/filmingincroatia.hr\/hr\/?s={search_term_string}"},"query-input":{"@type":"PropertyValueSpecification","valueRequired":true,"valueName":"search_term_string"}}],"inLanguage":"hr"},{"@type":"Organization","@id":"https:\/\/filmingincroatia.hr\/hr\/#organization","name":"HAVC","url":"https:\/\/filmingincroatia.hr\/hr\/","logo":{"@type":"ImageObject","inLanguage":"hr","@id":"https:\/\/filmingincroatia.hr\/hr\/#\/schema\/logo\/image\/","url":"https:\/\/filmingincroatia.hr\/wp-content\/uploads\/2020\/11\/FIC-Logo.png","contentUrl":"https:\/\/filmingincroatia.hr\/wp-content\/uploads\/2020\/11\/FIC-Logo.png","width":729,"height":160,"caption":"HAVC"},"image":{"@id":"https:\/\/filmingincroatia.hr\/hr\/#\/schema\/logo\/image\/"}}]}},"_links":{"self":[{"href":"https:\/\/filmingincroatia.hr\/hr\/wp-json\/wp\/v2\/pages\/5329","targetHints":{"allow":["GET"]}}],"collection":[{"href":"https:\/\/filmingincroatia.hr\/hr\/wp-json\/wp\/v2\/pages"}],"about":[{"href":"https:\/\/filmingincroatia.hr\/hr\/wp-json\/wp\/v2\/types\/page"}],"author":[{"embeddable":true,"href":"https:\/\/filmingincroatia.hr\/hr\/wp-json\/wp\/v2\/users\/2"}],"replies":[{"embeddable":true,"href":"https:\/\/filmingincroatia.hr\/hr\/wp-json\/wp\/v2\/comments?post=5329"}],"version-history":[{"count":0,"href":"https:\/\/filmingincroatia.hr\/hr\/wp-json\/wp\/v2\/pages\/5329\/revisions"}],"wp:attachment":[{"href":"https:\/\/filmingincroatia.hr\/hr\/wp-json\/wp\/v2\/media?parent=5329"}],"curies":[{"name":"wp","href":"https:\/\/api.w.org\/{rel}","templated":true}]}}