{"id":996,"date":"2020-04-20T12:11:12","date_gmt":"2020-04-20T10:11:12","guid":{"rendered":"https:\/\/filmingincroatia.hr\/the-incentive-programme\/"},"modified":"2025-10-09T10:41:48","modified_gmt":"2025-10-09T08:41:48","slug":"program-poticaja","status":"publish","type":"page","link":"https:\/\/filmingincroatia.hr\/hr\/program-poticaja\/","title":{"rendered":"Program poticaja"},"content":{"rendered":"\n<h3 class=\"wp-block-heading\"><high>Financijski poticaj<\/high> za filmske i televizijske produkcije koje snimaju u Hrvatskoj dostupan je <high>inozemnim i\/ili hrvatskim producentima <\/high>u obliku <high>povrata 25 %<\/high> od ukupnog iznosa opravdanih tro\u0161kova u\u010dinjenih u Republici Hrvatskoj. <high>Dodatnih 5 % <\/high>odobreno je za produkcije koje snimaju u podru\u010djima ispodprosje\u010dnog razvoja. Raznovrsnost lokacija za snimanje, u kombinaciji s vrhunskom lokalnom uslugom i financijskom izvedivosti smje\u0161taju Hrvatsku me\u0111u top destinacije na svjetskoj filmskoj karti.<\/h3>\n\n\n\n<p><\/p>\n\n\n\n<h2 class=\"wp-block-heading\">Propisi<\/h2>\n\n\n\n<p><a href=\"https:\/\/havc.hr\/img\/newsletter\/files\/Program_HAVC_Poticaji%202024%202026_s%20linkovima.pdf\">Program dr\u017eavne potpore za poticanje ulaganja u proizvodnju audiovizualnih djela<\/a> temelji se na Zakonu o audiovizualnim djelatnostima (<a href=\"https:\/\/narodne-novine.nn.hr\/clanci\/sluzbeni\/2018_07_61_1266.html\" target=\"_blank\" rel=\"noreferrer noopener\">NN 61\/18<\/a>), (<a href=\"https:\/\/narodne-novine.nn.hr\/clanci\/sluzbeni\/full\/2022_10_114_1725.html\" target=\"_blank\" rel=\"noreferrer noopener\">NN 114\/22<\/a>), (<a href=\"https:\/\/narodne-novine.nn.hr\/clanci\/sluzbeni\/2024_10_123_2052.html\">NN 123\/24<\/a>) i <a href=\"https:\/\/filmingincroatia.hr\/wp-content\/uploads\/2025\/10\/PRAVILNIK-O-POTICANJU-ULAGANJA-U-PROIZVODNJU-AUDIOVIZUALNIH-DJELA-procisceni-tekst_2024.pdf\">Pravilniku o poticanju ulaganja u proizvodnju audiovizualnih djela<\/a> (<a href=\"https:\/\/narodne-novine.nn.hr\/clanci\/sluzbeni\/full\/2019_07_70_1471.html\" target=\"_blank\" rel=\"noreferrer noopener\">NN 70\/19<\/a>), (<a href=\"https:\/\/narodne-novine.nn.hr\/clanci\/sluzbeni\/full\/2022_12_152_2396.html\" target=\"_blank\" rel=\"noreferrer noopener\">NN 152\/22<\/a>), (<a href=\"https:\/\/narodne-novine.nn.hr\/clanci\/sluzbeni\/2024_01_9_173.html\">NN 9\/24<\/a>).<\/p>\n\n\n\n<h2 class=\"wp-block-heading\">Kratki pregled<\/h2>\n\n\n\n<p>Program poticaja provodi se prema na\u010delu prednosti prijave (en. <em>first come, first served<\/em>). Povrat se obra\u010dunava na ukupni iznos opravdanih tro\u0161kova, bez ura\u010dunatog poreza na dodanu vrijednost, i ispla\u0107uje se izravno na hrvatski bankovni ra\u010dun podnositelja zahtjeva. Opravdani tro\u0161ak sastoji se od cijene robe i usluga kupljenih u Hrvatskoj i honorara ispla\u0107enih hrvatskim poreznim rezidentima (\u010dlanovi filmske ekipe i glumci) za usluge izvr\u0161ene u Hrvatskoj. <\/p>\n\n\n\n<p><strong>Produkcijski formati kvalificirani za poticaje:<\/strong><\/p>\n\n\n\n<ul class=\"wp-block-list\">\n<li>Igrani filmovi<\/li>\n\n\n\n<li>Dokumentarni filmovi<\/li>\n\n\n\n<li>Animirani filmovi<\/li>\n\n\n\n<li>TV-filmovi i TV-serije<\/li>\n<\/ul>\n\n\n\n<p>Povrat se ne odnosi na reklame, <em>reality <\/em>televiziju, zabavne emisije i sapunice.<\/p>\n\n\n\n<h2 class=\"wp-block-heading\">Kriteriji za pristup poticajima<\/h2>\n\n\n\n<p><strong><strong>Minimalni iznos potro\u0161en u Hrvatskoj, ovisno o vrsti projekta<\/strong><\/strong><\/p>\n\n\n\n<ul class=\"wp-block-list\">\n<li>250.000,00 eura za igrane filmove<\/li>\n\n\n\n<li>150.000,00 eura za televizijske filmove<\/li>\n\n\n\n<li>100.000,00 eura za svaku televizijsku epizodu<\/li>\n\n\n\n<li>60.000,00 eura za dokumentarne filmove, animirane filmove, za jednu epizodu dokumentarne televizijske serije, za animiranu TV-seriju minimalnog ukupnog trajanja 24 minute, za postprodukciju audiovizualnog djela ukoliko se prijava odnosi isklju\u010divo na tu fazu proizvodnje<\/li>\n<\/ul>\n\n\n\n<p><\/p>\n\n\n\n<p><strong><strong>Kori\u0161tenje hrvatskih glumaca i \u010dlanova filmske ekipe<\/strong><\/strong><\/p>\n\n\n\n<p>Za dobivanje poticaja priznaju se tro\u0161kovi za rad hrvatskih poreznih rezidenata (glumci i filmska ekipa) koji rade u Hrvatskoj, kao i tro\u0161kovi za robe i usluge koji su u\u010dinjeni i pla\u0107eni u Hrvatskoj.<\/p>\n\n\n\n<p><strong><strong>Kulturni test<\/strong><\/strong><\/p>\n\n\n\n<p>Hrvatski kulturni\/kvalifikacijski test (za servisne produkcije i koprodukcije) sastoji se od tri kategorije: kulturni sadr\u017eaj, kreativna suradnja i kori\u0161tenje hrvatskih produkcijskih kapaciteta poput studija ili lokacija. Projekti koji na Kvalifikacijskom testu ostvare ve\u0107i broj bodova time ne ostvaruju nikakve pogodnosti.<\/p>\n\n\n\n<p><strong><strong>Dodatni kriteriji<\/strong><\/strong><\/p>\n\n\n\n<p>Produkcije koje ostvaruju poticaj u iznosu ve\u0107em od 500.000,00 eura imaju obvezu zaposliti najmanje jednog hrvatskog pripravnika u svakom od glavnih produkcijskih odjela.<\/p>\n\n\n\n<p>Produkcije koje ostvaruju poticaj u iznosu ve\u0107em od 1.000.000,00 eura, osim udovoljenja prethodno navedenim uvjetima, imaju obvezu zaposliti najmanje tri (su)voditelja sektora te najmanje 50 % djelatnika moraju biti porezni rezidenti Republike Hrvatske.<\/p>\n\n\n\n<h2 class=\"wp-block-heading\">Razmatranje zahtjeva<\/h2>\n\n\n\n<p>Povjerenstvo za poticanje ulaganja u proizvodnju audiovizualnih djela sastoji se od pet \u010dlanova koje imenuje ministar nadle\u017ean za kulturu, a sastaje se najmanje jednom svaka tri mjeseca.<\/p>\n\n\n\n<p>\u010clanovi Povjerenstva su:<\/p>\n\n\n\n<ul class=\"wp-block-list\">\n<li>jedan predstavnik Ministarstva kulture i medija<\/li>\n\n\n\n<li>dva predstavnika Hrvatske udruge producenata<\/li>\n\n\n\n<li>jedan predstavnik Ministarstva financija<\/li>\n\n\n\n<li>jedan predstavnik Hrvatskog audiovizualnog centra<\/li>\n<\/ul>\n\n\n\n<h2 class=\"wp-block-heading\">Isplata<\/h2>\n\n\n\n<p>Neto iznos bit \u0107e ispla\u0107en po dovr\u0161etku produkcije u Hrvatskoj te primitku revidiranih ra\u010duna i dokaza da su ispunjeni svi uvjeti. Upute za izradu revizijskih izvje\u0161\u0107a dostupne su <a href=\"https:\/\/filmingincroatia.hr\/wp-content\/uploads\/2024\/03\/UPUTE_REVIZIJA_01-23.zip\">ovdje<\/a>.<\/p>\n\n\n\n<h2 class=\"wp-block-heading\">Podno\u0161enje zahtjeva<\/h2>\n\n\n\n<p>Obrazac Zahtjeva potpisan kvalificiranim elektroni\u010dkim potpisom i ostala dokumentacija dostavlja se HAVC u elektroni\u010dkom obliku na adresu filmingincroatia@havc.hr najkasnije <high>8 dana prije po\u010detka snimanja\/prve animacije u Hrvatskoj.<\/high><\/p>\n\n\n\n<p>Obrazac za prijavu i ostala dokumentacija predaju se <high>na hrvatskom jeziku<\/high>.<\/p>\n\n\n\n<p><strong>Obrasci za prijavu<\/strong><\/p>\n\n\n\n<p>Obrasci za prijavu s prora\u010dunom za lokalnu proizvodnju, kvalifikacijskim testom i izjavom dostupni su za preuzimanje (samo na hrvatskom jeziku): <br><a href=\"https:\/\/filmingincroatia.hr\/wp-content\/uploads\/2025\/06\/SERVISNA-PRODUKCIJA.zip\">SERVISNA PRODUKCIJA<\/a><br><a href=\"https:\/\/filmingincroatia.hr\/wp-content\/uploads\/2025\/06\/KOPRODUKCIJA.zip\">KOPRODUKCIJA<\/a><\/p>\n\n\n\n<p><strong>Popratna dokumentacija<\/strong><\/p>\n\n\n\n<ul class=\"wp-block-list\">\n<li>Potvrda Porezne uprave o nepostojanju dugovanja (potvrda da je podnositelj zahtjeva ispunio sve porezne obveze prema Dr\u017eavi, uklju\u010duju\u0107i poreze, kamate, kazne, naknade i sve druge obveze)<\/li>\n\n\n\n<li>Izvadak iz Sudskog registra<\/li>\n\n\n\n<li>Dokaz da je u posljednje tri godine prije dana podno\u0161enja Zahtjeva tvrtka proizvela najmanje jedno audiovizualno djelo koje je javno prikazano (u slu\u010daju da tvrtka ne ispunjava navedeni uvjet, osniva\u010d ili direktor\/\u010dlan uprave tvrtke morali su proizvesti takvo djelo)<\/li>\n\n\n\n<li>scenarij i kratki sadr\u017eaj djela<\/li>\n\n\n\n<li>Cjelokupni prora\u010dun proizvodnje AV djela (za lokalne produkcije ili koprodukcije te me\u0111unarodne koprodukcije s hrvatskim koproducentom: preliminarni detaljni cjelokupni prora\u010dun; za me\u0111unarodne produkcije s lokalnim servisnim producentom: iznos cjelokupnog prora\u010duna)<\/li>\n\n\n\n<li>Dokaz da je osigurano 70 % sredstava predvi\u0111enih za pokrivanje tro\u0161kova proizvodnje audiovizualnog djela u Hrvatskoj (kopije ugovora, predugovora, pisma namjere ili preuzimanja obveze u kojima je naveden to\u010dan iznos)<\/li>\n\n\n\n<li>Predugovor ili Ugovor o razini usluge<\/li>\n<\/ul>\n\n\n\n<p><\/p>\n","protected":false},"excerpt":{"rendered":"Financijski poticaj za filmske i televizijske produkcije koje snimaju u Hrvatskoj dostupan je inozemnim i\/ili hrvatskim producentima u obliku povrata 25 % od ukupnog iznosa opravdanih t","protected":false},"author":1,"featured_media":0,"parent":0,"menu_order":0,"comment_status":"closed","ping_status":"closed","template":"page-sidebar.php","meta":{"_acf_changed":false,"footnotes":""},"class_list":["post-996","page","type-page","status-publish","hentry"],"acf":[],"yoast_head":"<!-- This site is optimized with the Yoast SEO plugin v27.4 - https:\/\/yoast.com\/product\/yoast-seo-wordpress\/ -->\n<title>Program poticaja - Filming in Croatia<\/title>\n<meta name=\"description\" content=\"Financijski poticaj za filmske i televizijske produkcije koje snimaju u Hrvatskoj dostupan je inozemnim i\/ili hrvatskim producentima u obliku povrata 25 %\" \/>\n<meta name=\"robots\" content=\"index, follow, max-snippet:-1, max-image-preview:large, max-video-preview:-1\" \/>\n<link rel=\"canonical\" href=\"https:\/\/filmingincroatia.hr\/hr\/program-poticaja\/\" \/>\n<meta property=\"og:locale\" content=\"hr_HR\" \/>\n<meta property=\"og:type\" content=\"article\" \/>\n<meta property=\"og:title\" content=\"Program poticaja - Filming in Croatia\" \/>\n<meta property=\"og:description\" content=\"Financijski poticaj za filmske i televizijske produkcije koje snimaju u Hrvatskoj dostupan je inozemnim i\/ili hrvatskim producentima u obliku povrata 25 %\" \/>\n<meta property=\"og:url\" content=\"https:\/\/filmingincroatia.hr\/hr\/program-poticaja\/\" \/>\n<meta property=\"og:site_name\" content=\"Filming in Croatia\" \/>\n<meta property=\"article:modified_time\" content=\"2025-10-09T08:41:48+00:00\" \/>\n<meta name=\"twitter:card\" content=\"summary_large_image\" \/>\n<script type=\"application\/ld+json\" class=\"yoast-schema-graph\">{\"@context\":\"https:\\\/\\\/schema.org\",\"@graph\":[{\"@type\":\"WebPage\",\"@id\":\"https:\\\/\\\/filmingincroatia.hr\\\/hr\\\/program-poticaja\\\/\",\"url\":\"https:\\\/\\\/filmingincroatia.hr\\\/hr\\\/program-poticaja\\\/\",\"name\":\"Program poticaja - Filming in Croatia\",\"isPartOf\":{\"@id\":\"https:\\\/\\\/filmingincroatia.hr\\\/hr\\\/#website\"},\"datePublished\":\"2020-04-20T10:11:12+00:00\",\"dateModified\":\"2025-10-09T08:41:48+00:00\",\"description\":\"Financijski poticaj za filmske i televizijske produkcije koje snimaju u Hrvatskoj dostupan je inozemnim i\\\/ili hrvatskim producentima u obliku povrata 25 %\",\"breadcrumb\":{\"@id\":\"https:\\\/\\\/filmingincroatia.hr\\\/hr\\\/program-poticaja\\\/#breadcrumb\"},\"inLanguage\":\"hr\",\"potentialAction\":[{\"@type\":\"ReadAction\",\"target\":[\"https:\\\/\\\/filmingincroatia.hr\\\/hr\\\/program-poticaja\\\/\"]}]},{\"@type\":\"BreadcrumbList\",\"@id\":\"https:\\\/\\\/filmingincroatia.hr\\\/hr\\\/program-poticaja\\\/#breadcrumb\",\"itemListElement\":[{\"@type\":\"ListItem\",\"position\":1,\"name\":\"Home\",\"item\":\"https:\\\/\\\/filmingincroatia.hr\\\/hr\\\/\"},{\"@type\":\"ListItem\",\"position\":2,\"name\":\"Program poticaja\"}]},{\"@type\":\"WebSite\",\"@id\":\"https:\\\/\\\/filmingincroatia.hr\\\/hr\\\/#website\",\"url\":\"https:\\\/\\\/filmingincroatia.hr\\\/hr\\\/\",\"name\":\"Filming in Croatia\",\"description\":\"\",\"publisher\":{\"@id\":\"https:\\\/\\\/filmingincroatia.hr\\\/hr\\\/#organization\"},\"potentialAction\":[{\"@type\":\"SearchAction\",\"target\":{\"@type\":\"EntryPoint\",\"urlTemplate\":\"https:\\\/\\\/filmingincroatia.hr\\\/hr\\\/?s={search_term_string}\"},\"query-input\":{\"@type\":\"PropertyValueSpecification\",\"valueRequired\":true,\"valueName\":\"search_term_string\"}}],\"inLanguage\":\"hr\"},{\"@type\":\"Organization\",\"@id\":\"https:\\\/\\\/filmingincroatia.hr\\\/hr\\\/#organization\",\"name\":\"HAVC\",\"url\":\"https:\\\/\\\/filmingincroatia.hr\\\/hr\\\/\",\"logo\":{\"@type\":\"ImageObject\",\"inLanguage\":\"hr\",\"@id\":\"https:\\\/\\\/filmingincroatia.hr\\\/hr\\\/#\\\/schema\\\/logo\\\/image\\\/\",\"url\":\"https:\\\/\\\/filmingincroatia.hr\\\/wp-content\\\/uploads\\\/2020\\\/11\\\/FIC-Logo.png\",\"contentUrl\":\"https:\\\/\\\/filmingincroatia.hr\\\/wp-content\\\/uploads\\\/2020\\\/11\\\/FIC-Logo.png\",\"width\":729,\"height\":160,\"caption\":\"HAVC\"},\"image\":{\"@id\":\"https:\\\/\\\/filmingincroatia.hr\\\/hr\\\/#\\\/schema\\\/logo\\\/image\\\/\"}}]}<\/script>\n<!-- \/ Yoast SEO plugin. -->","yoast_head_json":{"title":"Program poticaja - Filming in Croatia","description":"Financijski poticaj za filmske i televizijske produkcije koje snimaju u Hrvatskoj dostupan je inozemnim i\/ili hrvatskim producentima u obliku povrata 25 %","robots":{"index":"index","follow":"follow","max-snippet":"max-snippet:-1","max-image-preview":"max-image-preview:large","max-video-preview":"max-video-preview:-1"},"canonical":"https:\/\/filmingincroatia.hr\/hr\/program-poticaja\/","og_locale":"hr_HR","og_type":"article","og_title":"Program poticaja - Filming in Croatia","og_description":"Financijski poticaj za filmske i televizijske produkcije koje snimaju u Hrvatskoj dostupan je inozemnim i\/ili hrvatskim producentima u obliku povrata 25 %","og_url":"https:\/\/filmingincroatia.hr\/hr\/program-poticaja\/","og_site_name":"Filming in Croatia","article_modified_time":"2025-10-09T08:41:48+00:00","twitter_card":"summary_large_image","schema":{"@context":"https:\/\/schema.org","@graph":[{"@type":"WebPage","@id":"https:\/\/filmingincroatia.hr\/hr\/program-poticaja\/","url":"https:\/\/filmingincroatia.hr\/hr\/program-poticaja\/","name":"Program poticaja - Filming in Croatia","isPartOf":{"@id":"https:\/\/filmingincroatia.hr\/hr\/#website"},"datePublished":"2020-04-20T10:11:12+00:00","dateModified":"2025-10-09T08:41:48+00:00","description":"Financijski poticaj za filmske i televizijske produkcije koje snimaju u Hrvatskoj dostupan je inozemnim i\/ili hrvatskim producentima u obliku povrata 25 %","breadcrumb":{"@id":"https:\/\/filmingincroatia.hr\/hr\/program-poticaja\/#breadcrumb"},"inLanguage":"hr","potentialAction":[{"@type":"ReadAction","target":["https:\/\/filmingincroatia.hr\/hr\/program-poticaja\/"]}]},{"@type":"BreadcrumbList","@id":"https:\/\/filmingincroatia.hr\/hr\/program-poticaja\/#breadcrumb","itemListElement":[{"@type":"ListItem","position":1,"name":"Home","item":"https:\/\/filmingincroatia.hr\/hr\/"},{"@type":"ListItem","position":2,"name":"Program poticaja"}]},{"@type":"WebSite","@id":"https:\/\/filmingincroatia.hr\/hr\/#website","url":"https:\/\/filmingincroatia.hr\/hr\/","name":"Filming in Croatia","description":"","publisher":{"@id":"https:\/\/filmingincroatia.hr\/hr\/#organization"},"potentialAction":[{"@type":"SearchAction","target":{"@type":"EntryPoint","urlTemplate":"https:\/\/filmingincroatia.hr\/hr\/?s={search_term_string}"},"query-input":{"@type":"PropertyValueSpecification","valueRequired":true,"valueName":"search_term_string"}}],"inLanguage":"hr"},{"@type":"Organization","@id":"https:\/\/filmingincroatia.hr\/hr\/#organization","name":"HAVC","url":"https:\/\/filmingincroatia.hr\/hr\/","logo":{"@type":"ImageObject","inLanguage":"hr","@id":"https:\/\/filmingincroatia.hr\/hr\/#\/schema\/logo\/image\/","url":"https:\/\/filmingincroatia.hr\/wp-content\/uploads\/2020\/11\/FIC-Logo.png","contentUrl":"https:\/\/filmingincroatia.hr\/wp-content\/uploads\/2020\/11\/FIC-Logo.png","width":729,"height":160,"caption":"HAVC"},"image":{"@id":"https:\/\/filmingincroatia.hr\/hr\/#\/schema\/logo\/image\/"}}]}},"_links":{"self":[{"href":"https:\/\/filmingincroatia.hr\/hr\/wp-json\/wp\/v2\/pages\/996","targetHints":{"allow":["GET"]}}],"collection":[{"href":"https:\/\/filmingincroatia.hr\/hr\/wp-json\/wp\/v2\/pages"}],"about":[{"href":"https:\/\/filmingincroatia.hr\/hr\/wp-json\/wp\/v2\/types\/page"}],"author":[{"embeddable":true,"href":"https:\/\/filmingincroatia.hr\/hr\/wp-json\/wp\/v2\/users\/1"}],"replies":[{"embeddable":true,"href":"https:\/\/filmingincroatia.hr\/hr\/wp-json\/wp\/v2\/comments?post=996"}],"version-history":[{"count":0,"href":"https:\/\/filmingincroatia.hr\/hr\/wp-json\/wp\/v2\/pages\/996\/revisions"}],"wp:attachment":[{"href":"https:\/\/filmingincroatia.hr\/hr\/wp-json\/wp\/v2\/media?parent=996"}],"curies":[{"name":"wp","href":"https:\/\/api.w.org\/{rel}","templated":true}]}}